{"id":16,"date":"2022-09-27T12:13:14","date_gmt":"2022-09-27T12:13:14","guid":{"rendered":"https:\/\/sah.ba\/?page_id=16"},"modified":"2024-01-24T16:33:32","modified_gmt":"2024-01-24T16:33:32","slug":"upravna-struktura","status":"publish","type":"page","link":"https:\/\/sah.ba\/index.php\/upravna-struktura\/","title":{"rendered":"Upravna struktura"},"content":{"rendered":"\r\n\r\n\r\n\r\n\r\n\r\n\r\n<p><b>Predsjednik: Vedad \u0160esti\u0107, dipl.ing.arh (<a href=\"mailto:vedadsestic@gmail.com\" target=\"_blank\" rel=\"noopener\">vedadsestic@gmail.com<\/a> , +387 61 475 505)<br \/>Potpredsjednik: Nail Kralju\u0161i\u0107 (+387 62 286 547)<br \/>Sekretar: Goran Trkulja (<a href=\"mailto:gorantrkulja7@gmail.com\" target=\"_blank\" rel=\"noopener\">gorantrkulja7@gmail.com<\/a> , +387 61 462 877)\u00a0<\/b><\/p>\r\n\r\n\r\n\r\n\r\n\r\n\r\n\r\n<p><strong>\u010clanovi Upravnog odbora \u0160ahovskog saveza Federacije Bosne i Hercegovine:<\/strong><\/p>\r\n<p>&nbsp;<\/p>\r\n<ol>\r\n<li>Nurki\u0107 Alija, \u010dlan\u00a0\u00a0\u00a0\u00a0\u00a0\u00a0\u00a0\u00a0\u00a0\u00a0\u00a0\u00a0\u00a0\u00a0\u00a0\u00a0\u00a0\u00a0\u00a0\u00a0\u00a0\u00a0\u00a0\u00a0\u00a0\u00a0\u00a0\u00a0\u00a0\u00a0 (TK)<\/li>\r\n<li>Mustafi\u0107 Ermina, \u010dlan\u00a0 \u00a0 \u00a0 \u00a0 \u00a0 \u00a0 \u00a0 \u00a0 \u00a0 \u00a0 \u00a0 (TK)<\/li>\r\n<li>Muharem Vi\u0161nji\u0107, \u010dlan\u00a0 \u00a0 \u00a0 \u00a0 \u00a0 \u00a0 \u00a0 \u00a0 \u00a0 \u00a0 \u00a0(KS)<\/li>\r\n<li>Korjeni\u0107 E\u0161ef, \u010dlan\u00a0 \u00a0 \u00a0 \u00a0 \u00a0 \u00a0 \u00a0 \u00a0 \u00a0 \u00a0 \u00a0 \u00a0 \u00a0 \u00a0 (KS)<\/li>\r\n<li>Karabegovi\u0107 Irfan, \u010dlan\u00a0 \u00a0 \u00a0 \u00a0 \u00a0 \u00a0 \u00a0 \u00a0 \u00a0 \u00a0(USK)<\/li>\r\n<li>Durakovi\u0107 Edhem, \u010dlan\u00a0 \u00a0 \u00a0 \u00a0 \u00a0 \u00a0 \u00a0 \u00a0 \u00a0 (USK)<\/li>\r\n<li>\u0160esti\u0107 Vedad, predsjednik\u00a0 \u00a0 \u00a0 \u00a0 \u00a0 \u00a0 \u00a0 (ZDK)<\/li>\r\n<li>Hafizovi\u0107 Sead, \u010dlan\u00a0 \u00a0 \u00a0 \u00a0 \u00a0 \u00a0 \u00a0 \u00a0 \u00a0 \u00a0 \u00a0 \u00a0 (ZDK)<\/li>\r\n<li>Dautovi\u0107 D\u017eenan, \u010dlan\u00a0 \u00a0 \u00a0 \u00a0 \u00a0 \u00a0 \u00a0 \u00a0 \u00a0 \u00a0(SBK)<\/li>\r\n<li>Obu\u0107a Bajro, \u010dlan\u00a0 \u00a0 \u00a0 \u00a0 \u00a0 \u00a0 \u00a0 \u00a0 \u00a0 \u00a0 \u00a0 \u00a0 \u00a0 \u00a0(BPK)<\/li>\r\n<li>Kralju\u0161i\u0107 Nail, potpredsjednik\u00a0 \u00a0 \u00a0(HNK)<\/li>\r\n<\/ol>\r\n\r\n\r\n\r\n\r\n\r\n\r\n\r\n<p><b>Predsjednik skup\u0161tine: Miralem Mirza<br \/>Zamjenik: Omer\u010di\u0107 Muhamed<\/b><\/p>\r\n<p>\r\n\r\n<\/p>\r\n<p>&nbsp;<\/p>\r\n<p>&nbsp;<\/p>\r\n\r\n\r\n\r\n<p><strong>\u010clanovi Skup\u0161tine \u0160ahovskog saveza Federacije Bosne i Hercegovine<\/strong><\/p>\r\n\r\n\r\n\r\n<p><span style=\"font-family: inherit; font-weight: inherit; text-indent: 36pt; background-color: transparent;\"><span lang=\"BS-LATN-BA\">1. D\u017eini\u0107 Edin\u00a0\u00a0\u00a0\u00a0\u00a0\u00a0\u00a0\u00a0\u00a0\u00a0\u00a0\u00a0\u00a0\u00a0\u00a0\u00a0\u00a0\u00a0\u00a0\u00a0\u00a0\u00a0\u00a0\u00a0\u00a0\u00a0\u00a0\u00a0\u00a0\u00a0\u00a0\u00a0\u00a0\u00a0\u00a0\u00a0 (USK)<\/span><\/span><\/p>\r\n<p class=\"MsoNormal\"><span lang=\"BS-LATN-BA\">\u00a02. Tica Ekrem \u00a0\u00a0\u00a0\u00a0\u00a0\u00a0\u00a0\u00a0\u00a0\u00a0\u00a0\u00a0\u00a0\u00a0\u00a0\u00a0\u00a0\u00a0\u00a0\u00a0\u00a0\u00a0\u00a0\u00a0\u00a0\u00a0\u00a0\u00a0\u00a0\u00a0\u00a0\u00a0\u00a0\u00a0 (USK)<\/span><\/p>\r\n<p class=\"MsoNormal\"><span lang=\"BS-LATN-BA\">3. Had\u017ei\u0107 Sabahet\u00a0\u00a0\u00a0\u00a0\u00a0\u00a0\u00a0\u00a0\u00a0\u00a0\u00a0\u00a0\u00a0\u00a0\u00a0\u00a0\u00a0\u00a0 \u00a0\u00a0\u00a0\u00a0\u00a0\u00a0\u00a0\u00a0\u00a0\u00a0 (USK)<\/span><\/p>\r\n<p class=\"MsoNormal\"><span lang=\"BS-LATN-BA\">4. Spaho Samir\u00a0\u00a0\u00a0\u00a0\u00a0\u00a0\u00a0\u00a0\u00a0\u00a0\u00a0\u00a0\u00a0\u00a0\u00a0\u00a0\u00a0\u00a0\u00a0\u00a0\u00a0\u00a0\u00a0\u00a0\u00a0\u00a0\u00a0\u00a0\u00a0\u00a0\u00a0\u00a0\u00a0\u00a0\u00a0 (ZDK)<\/span><\/p>\r\n<p class=\"MsoNormal\"><span lang=\"BS-LATN-BA\">5. Star\u010devi\u0107 Najdan\u00a0\u00a0\u00a0\u00a0\u00a0\u00a0\u00a0\u00a0\u00a0\u00a0\u00a0\u00a0\u00a0\u00a0\u00a0\u00a0\u00a0\u00a0\u00a0\u00a0\u00a0\u00a0\u00a0\u00a0\u00a0\u00a0\u00a0 (ZDK)<\/span><\/p>\r\n<p class=\"MsoNormal\"><span lang=\"BS-LATN-BA\">\u00a06. Hafizovi\u0107 Sead\u00a0\u00a0\u00a0\u00a0\u00a0\u00a0\u00a0\u00a0\u00a0\u00a0\u00a0\u00a0\u00a0\u00a0\u00a0\u00a0\u00a0\u00a0\u00a0\u00a0\u00a0\u00a0\u00a0\u00a0\u00a0\u00a0\u00a0\u00a0\u00a0\u00a0\u00a0 (ZDK)<\/span><\/p>\r\n<p class=\"MsoNormal\"><span lang=\"BS-LATN-BA\">7. Miralem Mirza\u00a0\u00a0\u00a0\u00a0\u00a0\u00a0\u00a0\u00a0\u00a0\u00a0\u00a0\u00a0\u00a0\u00a0\u00a0\u00a0\u00a0\u00a0\u00a0\u00a0\u00a0\u00a0\u00a0\u00a0\u00a0\u00a0\u00a0\u00a0\u00a0\u00a0\u00a0 (KS)<\/span><\/p>\r\n<p class=\"MsoNormal\"><span lang=\"BS-LATN-BA\">8. Had\u017eovi\u0107 Amir\u00a0\u00a0\u00a0\u00a0\u00a0\u00a0\u00a0\u00a0\u00a0\u00a0\u00a0\u00a0\u00a0\u00a0\u00a0\u00a0\u00a0\u00a0\u00a0\u00a0\u00a0\u00a0\u00a0\u00a0\u00a0\u00a0\u00a0\u00a0\u00a0\u00a0\u00a0 (KS)<\/span><\/p>\r\n<p class=\"MsoNormal\"><span lang=\"BS-LATN-BA\">9. Omanovi\u0107 Vahidin\u00a0\u00a0\u00a0\u00a0\u00a0\u00a0\u00a0\u00a0\u00a0\u00a0\u00a0\u00a0\u00a0\u00a0\u00a0\u00a0\u00a0\u00a0\u00a0\u00a0\u00a0\u00a0\u00a0\u00a0\u00a0 (KS)<\/span><\/p>\r\n<p class=\"MsoNormal\"><span lang=\"BS-LATN-BA\">10. Vi\u0161nji\u0107 Muharem\u00a0\u00a0\u00a0\u00a0\u00a0\u00a0\u00a0\u00a0\u00a0\u00a0\u00a0\u00a0\u00a0\u00a0\u00a0\u00a0\u00a0\u00a0\u00a0\u00a0\u00a0\u00a0\u00a0\u00a0\u00a0 (KS)<\/span><\/p>\r\n<p class=\"MsoNormal\"><span lang=\"BS-LATN-BA\">11. Ohran Nihad\u00a0\u00a0\u00a0\u00a0\u00a0\u00a0\u00a0\u00a0\u00a0\u00a0\u00a0\u00a0\u00a0\u00a0\u00a0\u00a0\u00a0\u00a0\u00a0\u00a0\u00a0\u00a0\u00a0\u00a0\u00a0\u00a0\u00a0\u00a0\u00a0\u00a0\u00a0\u00a0 (SBK)<\/span><\/p>\r\n<p class=\"MsoNormal\"><span lang=\"BS-LATN-BA\">12. Patkovi\u0107 Vahdet\u00a0\u00a0\u00a0\u00a0\u00a0\u00a0\u00a0\u00a0\u00a0\u00a0\u00a0\u00a0\u00a0\u00a0\u00a0\u00a0\u00a0\u00a0\u00a0\u00a0\u00a0\u00a0\u00a0\u00a0\u00a0\u00a0\u00a0 (SBK)<\/span><\/p>\r\n<p class=\"MsoNormal\"><span lang=\"BS-LATN-BA\">13. Dautovi\u0107 D\u017eenan\u00a0\u00a0\u00a0\u00a0\u00a0\u00a0\u00a0\u00a0\u00a0\u00a0\u00a0\u00a0\u00a0\u00a0\u00a0\u00a0\u00a0\u00a0\u00a0\u00a0\u00a0\u00a0\u00a0\u00a0\u00a0 (SBK)<\/span><\/p>\r\n<p class=\"MsoNormal\"><span lang=\"BS-LATN-BA\">14. Mrnd\u017ei\u0107 Muamer\u00a0\u00a0\u00a0\u00a0\u00a0\u00a0\u00a0\u00a0\u00a0\u00a0\u00a0\u00a0\u00a0\u00a0\u00a0\u00a0\u00a0\u00a0\u00a0\u00a0\u00a0\u00a0\u00a0\u00a0\u00a0 (HNK)<\/span><\/p>\r\n<p class=\"MsoNormal\"><span lang=\"BS-LATN-BA\">15. Red\u017ei\u0107 Mustafa\u00a0\u00a0\u00a0\u00a0\u00a0\u00a0\u00a0\u00a0\u00a0\u00a0\u00a0\u00a0\u00a0\u00a0\u00a0\u00a0\u00a0\u00a0\u00a0\u00a0\u00a0\u00a0\u00a0\u00a0\u00a0\u00a0\u00a0\u00a0\u00a0 (HNK)<\/span><\/p>\r\n<p class=\"MsoNormal\"><span lang=\"BS-LATN-BA\">16. Smaji\u0107 Ervin\u00a0\u00a0\u00a0\u00a0\u00a0\u00a0\u00a0\u00a0\u00a0\u00a0\u00a0\u00a0\u00a0\u00a0\u00a0\u00a0\u00a0\u00a0\u00a0\u00a0\u00a0\u00a0\u00a0\u00a0\u00a0\u00a0\u00a0\u00a0\u00a0\u00a0\u00a0\u00a0 (BPK)<\/span><\/p>\r\n<p class=\"MsoNormal\"><span lang=\"BS-LATN-BA\">17. Smaji\u0107 Aida\u00a0\u00a0\u00a0\u00a0\u00a0\u00a0\u00a0\u00a0\u00a0\u00a0\u00a0\u00a0\u00a0\u00a0\u00a0\u00a0\u00a0\u00a0\u00a0\u00a0\u00a0\u00a0\u00a0\u00a0\u00a0\u00a0\u00a0\u00a0\u00a0\u00a0\u00a0\u00a0\u00a0\u00a0 (BPK)<\/span><\/p>\r\n<p class=\"MsoNormal\"><span lang=\"BS-LATN-BA\">18. Omer\u010di\u0107 Muhamed\u00a0\u00a0\u00a0\u00a0\u00a0\u00a0\u00a0\u00a0\u00a0\u00a0\u00a0\u00a0\u00a0\u00a0\u00a0\u00a0\u00a0\u00a0\u00a0\u00a0\u00a0\u00a0 (TK)<\/span><\/p>\r\n<p class=\"MsoNormal\"><span lang=\"BS-LATN-BA\">19. Buljuba\u0161i\u0107 Sabahudin\u00a0\u00a0\u00a0\u00a0\u00a0\u00a0\u00a0\u00a0\u00a0\u00a0\u00a0\u00a0\u00a0\u00a0\u00a0\u00a0\u00a0\u00a0 (TK)<\/span><\/p>\r\n<p class=\"MsoNormal\"><span lang=\"BS-LATN-BA\">20. Mahmutbegovi\u0107 Midhat\u00a0\u00a0\u00a0\u00a0\u00a0\u00a0\u00a0\u00a0\u00a0\u00a0\u00a0\u00a0\u00a0\u00a0\u00a0 (TK)<\/span><\/p>\r\n<p class=\"MsoNormal\"><span lang=\"BS-LATN-BA\">21. Nurki\u0107 Alija\u00a0\u00a0\u00a0\u00a0\u00a0\u00a0\u00a0\u00a0\u00a0\u00a0\u00a0\u00a0\u00a0\u00a0\u00a0\u00a0\u00a0\u00a0\u00a0\u00a0\u00a0\u00a0\u00a0\u00a0\u00a0\u00a0\u00a0\u00a0\u00a0\u00a0\u00a0\u00a0\u00a0\u00a0 (TK)<i><\/i><\/span><\/p>\r\n\r\n\r\n\r\n\r\n\r\n\r\n\r\n<p><strong style=\"font-family: Roboto, sans-serif; font-size: 14px; font-style: normal;\">\u010clanovi Nadzornog odbora \u0160ahovskog saveza Federacije Bosne i Hercegovine:<br \/><\/strong>1. Kosovi\u0107 Senad, \u010dlan (HNK) <br \/>2. Okanovi\u0107 Nihada, \u010dlan (TK) <br \/>3. Tuti\u0107 Re\u0161ad, \u010dlan (KS) <br \/>4. Radi\u0107 Bojan, zamjenik \u010dlana (ZDK) <br \/>5. \u0160utkovi\u0107 Adnan, zamjenik \u010dlana (SBK) <br \/>6. Pe\u0161tek Elvis, zamjenik \u010dlana (BPK)\u00a0<strong style=\"font-family: Roboto, sans-serif; font-size: 14px; font-style: normal;\"><br \/><\/strong><\/p>\r\n\r\n\r\n\r\n\r\n\r\n\r\n\r\n<p>Sudijska komisija \u0160SFBiH: Mirza Miralem, Boris Budimir i Bajro Obu\u0107a<br \/>Komisija za Statut \u0160SFBiH: Irfan Karabegovi\u0107, Husnija Abdi\u0107, Mirza Miralem<br \/>Komisija za Kadetski \u0161ah \u0160SFBiH: Alija Nurki\u0107, Goran Trkulja, Alija Me\u0161i\u0107\u00a0<\/p>\r\n\r\n<p>&nbsp;<\/p>","protected":false},"excerpt":{"rendered":"<p>&nbsp;<\/p>\n","protected":false},"author":1,"featured_media":0,"parent":0,"menu_order":0,"comment_status":"closed","ping_status":"closed","template":"","meta":{"footnotes":""},"class_list":["post-16","page","type-page","status-publish","hentry"],"blog_post_layout_featured_media_urls":{"thumbnail":"","full":""},"categories_names":null,"comments_number":0,"wpmagazine_modules_lite_featured_media_urls":{"thumbnail":"","cvmm-medium":"","cvmm-medium-plus":"","cvmm-portrait":"","cvmm-medium-square":"","cvmm-large":"","cvmm-small":"","full":""},"_links":{"self":[{"href":"https:\/\/sah.ba\/index.php\/wp-json\/wp\/v2\/pages\/16","targetHints":{"allow":["GET"]}}],"collection":[{"href":"https:\/\/sah.ba\/index.php\/wp-json\/wp\/v2\/pages"}],"about":[{"href":"https:\/\/sah.ba\/index.php\/wp-json\/wp\/v2\/types\/page"}],"author":[{"embeddable":true,"href":"https:\/\/sah.ba\/index.php\/wp-json\/wp\/v2\/users\/1"}],"replies":[{"embeddable":true,"href":"https:\/\/sah.ba\/index.php\/wp-json\/wp\/v2\/comments?post=16"}],"version-history":[{"count":0,"href":"https:\/\/sah.ba\/index.php\/wp-json\/wp\/v2\/pages\/16\/revisions"}],"wp:attachment":[{"href":"https:\/\/sah.ba\/index.php\/wp-json\/wp\/v2\/media?parent=16"}],"curies":[{"name":"wp","href":"https:\/\/api.w.org\/{rel}","templated":true}]}}