{"id":20,"date":"2022-09-27T12:13:56","date_gmt":"2022-09-27T12:13:56","guid":{"rendered":"https:\/\/sah.ba\/?page_id=20"},"modified":"2023-03-09T12:50:07","modified_gmt":"2023-03-09T12:50:07","slug":"sudije","status":"publish","type":"page","link":"https:\/\/sah.ba\/index.php\/sudije\/","title":{"rendered":"Sudije"},"content":{"rendered":"\n\n\n<h2><strong>Me\u0111unarodne sudije:<\/strong><\/h2><p>Budimir Boris<\/p><p>Cvijetinovi\u0107 Milan<\/p><p>\u010cengi\u0107 \u0160emsudin<\/p><p>\u0106erim Fahrudin<\/p><p>Kemura Emin<\/p><p>Miralem Mirza<\/p><p>Miski\u0107 Sejfudin<\/p><p>Obu\u0107a Bajro<\/p><p>Zidan\u0161ek Bojan<\/p>\n<p>Su\u0161i\u0107 Nihad<\/p>\n<h2><strong>FIDE sudije:<\/strong><\/h2><p>Bori\u0107 Muhamed<\/p><p>Durakovi\u0107 Edhem<\/p><p>Hamzi\u0107 \u0160efko<\/p><p>Muminovi\u0107 \u0160emsudin<\/p><p>Pleh Semir<\/p><h2>Dr\u017eavne sudije:<\/h2><p>Abdi\u0107 Husnija<\/p><p>Avdi\u0107, Ramiz<\/p><p>Arnaut Armin<\/p><p>Bo\u0161njak Damir<\/p><p>Dautovi\u0107 Smail<\/p><p>Dizdarevi\u0107 Emir<\/p><p>Durakovi\u0107 Dino<\/p><p>Falad\u017ei\u0107 Omer<\/p><p>Habibovi\u0107 Hazim<\/p><p>Had\u017ei\u0107 Senad<\/p><p>Halilovi\u0107 Fahrudin<\/p><p>Haskovi\u0107 Salih<\/p><p>Hutinovi\u0107 Halim<\/p><p>Karahmetovi\u0107, Adnan<\/p><p>Karabegovi\u0107, Irfan<\/p><p>Korjeni\u0107 E\u0161ef<\/p><p>Kova\u010devi\u0107 \u017deljko<\/p><p>Kratina Ibrahim<\/p><p>Mahmutbegovi\u0107 Nadina<\/p><p>Markovi\u0107 Dino<\/p><p>Me\u0161i\u0107 Almir<\/p><p>Miski\u0107 Belmir<\/p><p>Mujkanovi\u0107 Alija<\/p><p>Obad, Andrija<\/p><p>Obar\u010danin Nijaz<\/p><p>Ohran Nihad<\/p><p>Omer\u010di\u0107 Muhamed<\/p><p>Osmanovi\u0107 Kemal<\/p><p>Pilavd\u017ei\u0107 Hamdija<\/p><p>Radovi\u0107 Zvonko<\/p><p>Vi\u0161nji\u0107 Muharem<\/p>\n\n\n","protected":false},"excerpt":{"rendered":"","protected":false},"author":1,"featured_media":0,"parent":0,"menu_order":0,"comment_status":"closed","ping_status":"closed","template":"","meta":{"footnotes":""},"class_list":["post-20","page","type-page","status-publish","hentry"],"blog_post_layout_featured_media_urls":{"thumbnail":"","full":""},"categories_names":null,"comments_number":0,"wpmagazine_modules_lite_featured_media_urls":{"thumbnail":"","cvmm-medium":"","cvmm-medium-plus":"","cvmm-portrait":"","cvmm-medium-square":"","cvmm-large":"","cvmm-small":"","full":""},"_links":{"self":[{"href":"https:\/\/sah.ba\/index.php\/wp-json\/wp\/v2\/pages\/20","targetHints":{"allow":["GET"]}}],"collection":[{"href":"https:\/\/sah.ba\/index.php\/wp-json\/wp\/v2\/pages"}],"about":[{"href":"https:\/\/sah.ba\/index.php\/wp-json\/wp\/v2\/types\/page"}],"author":[{"embeddable":true,"href":"https:\/\/sah.ba\/index.php\/wp-json\/wp\/v2\/users\/1"}],"replies":[{"embeddable":true,"href":"https:\/\/sah.ba\/index.php\/wp-json\/wp\/v2\/comments?post=20"}],"version-history":[{"count":0,"href":"https:\/\/sah.ba\/index.php\/wp-json\/wp\/v2\/pages\/20\/revisions"}],"wp:attachment":[{"href":"https:\/\/sah.ba\/index.php\/wp-json\/wp\/v2\/media?parent=20"}],"curies":[{"name":"wp","href":"https:\/\/api.w.org\/{rel}","templated":true}]}}