{"id":34,"date":"2022-09-27T12:21:02","date_gmt":"2022-09-27T12:21:02","guid":{"rendered":"https:\/\/sah.ba\/?page_id=34"},"modified":"2026-03-15T14:43:58","modified_gmt":"2026-03-15T14:43:58","slug":"klubovi","status":"publish","type":"page","link":"https:\/\/sah.ba\/index.php\/klubovi\/","title":{"rendered":"Klubovi"},"content":{"rendered":"\r\n\r\n\r\n\r\n\r\n\r\n\r\n<h2>Premijer liga Bosne i Hercegovine:<\/h2>\r\n\r\n\r\n\r\n\r\n\r\n\r\n\r\n<p>1. <a href=\"https:\/\/sah.ba\/index.php\/sk-ingsma-gorazde\/\">\u0160K &#8220;INGSMA&#8221; Gora\u017ede<\/a><\/p>\r\n<p>2. <a href=\"https:\/\/sah.ba\/index.php\/sk-bosna-sarajevo\/\">\u0160K &#8220;BOSNA&#8221; Sarajevo<\/a><\/p>\r\n<p>3. <a href=\"https:\/\/sah.ba\/index.php\/osk-akademija-sampiona-doboj-istok\/\">O\u0160K &#8220;AKADEMIJA \u0160AMPIONA&#8221; Doboj-Istok<\/a><\/p>\r\n\r\n\r\n\r\n<p>4. <a href=\"https:\/\/sah.ba\/index.php\/sk-napredak-sarajevo\/\">\u0160K &#8220;NAPREDAK&#8221; Sarajevo<\/a><\/p>\r\n<p>\r\n\r\n<\/p>\r\n<p>5. <a href=\"https:\/\/sah.ba\/index.php\/sk-bjelasnica-pazaric\/\">\u0160K &#8220;BJELA\u0160NICA&#8221; Pazari\u0107<\/a><\/p>\r\n<p>\r\n\r\n\r\n\r\n<\/p>\r\n<p>6.\u00a0 \u0160K &#8220;BIHA\u0106&#8221; Biha\u0107<\/p>\r\n\r\n\r\n\r\n<p>&nbsp;<\/p>\r\n\r\n\r\n\r\n\r\n\r\n\r\n\r\n\r\n\r\n<h2>Prva &#8220;A&#8221; liga \u0160S Federacije Bosne i Hercegovine:<\/h2>\r\n\r\n\r\n\r\n\r\n\r\n\r\n\r\n<p>1. <a href=\"https:\/\/sah.ba\/index.php\/sk-sarajevo-sarajevo\/\">\u0160K &#8220;SARAJEVO&#8221; Sarajevo<\/a><\/p>\r\n\r\n\r\n\r\n<p>2.\u00a0 \u0160K &#8220;OSTRO\u017dAC&#8221; Cazin<\/p>\r\n<p>3. <a href=\"https:\/\/sah.ba\/index.php\/sk-gorazde-gorazde\/\">\u0160K &#8220;GORA\u017dDE&#8221; Gora\u017ede<\/a><\/p>\r\n<p>4.\u00a0 <a href=\"https:\/\/sah.ba\/index.php\/sk-preporod-breza\/\">\u0160K &#8220;PREPOROD&#8221; Breza<\/a><\/p>\r\n<p>5. <a href=\"https:\/\/sah.ba\/index.php\/osk-zivinice-zivinice\/\">O\u0160K &#8220;\u017dIVINICE&#8221; \u017divinice<\/a><\/p>\r\n<p>6. <a href=\"https:\/\/sah.ba\/index.php\/sk-alpong-sarajevo\/\">\u0160K &#8220;ALPONG&#8221; Sarajevo<\/a><\/p>\r\n<p>7. <a href=\"https:\/\/sah.ba\/index.php\/sk-gracanica-gracanica\/\">\u0160K &#8220;GRA\u010cANICA&#8221; Gra\u010danica<\/a><\/p>\r\n<p>8. <a href=\"https:\/\/sah.ba\/index.php\/sk-preporod-zenica\/\">\u0160K &#8220;PREPOROD&#8221; Zenica<\/a><\/p>\r\n\r\n\r\n\r\n<p>9. <a href=\"https:\/\/sah.ba\/index.php\/sk-celik-zenica\/\">\u0160K &#8220;\u010cELIK&#8221; Zenica<\/a><\/p>\r\n\r\n\r\n\r\n<p>10. <a href=\"https:\/\/sah.ba\/index.php\/sk-srebrenik-srebrenik\/\">\u0160K &#8220;SREBRENIK&#8221; Srebrenik<\/a><\/p>\r\n\r\n\r\n\r\n\r\n\r\n\r\n\r\n<p>&nbsp;<\/p>\r\n\r\n\r\n\r\n\r\n\r\n\r\n\r\n<h2 style=\"font-style: normal;\">Prva &#8220;B&#8221; liga \u0160S Federacije Bosne i Hercegovine:<\/h2>\r\n\r\n\r\n\r\n\r\n\r\n\r\n\r\n<p>1. <a href=\"https:\/\/sah.ba\/index.php\/sk-igman-konjic\/\">\u0160K &#8220;IGMAN&#8221; Konjic<\/a><\/p>\r\n<p>2. <a href=\"https:\/\/sah.ba\/index.php\/sk-mladost-imel-gnojnica\/\">\u0160K &#8220;MLADOST-IMEL&#8221; Gnojnica<\/a><\/p>\r\n<p>\r\n\r\n\r\n\r\n<\/p>\r\n<p>3. <a href=\"https:\/\/sah.ba\/index.php\/sk-velika-kladusa-velika-kladusa\/\">\u0160K &#8220;VELIKA KLADU\u0160A&#8221; Velika Kladu\u0161a<\/a><\/p>\r\n<p>4. <a href=\"https:\/\/sah.ba\/index.php\/sk-krivaja-zavidovici\/\">\u0160K &#8220;KRIVAJA&#8221;, Zavidovi\u0107i<\/a><\/p>\r\n<p>5. <a href=\"https:\/\/sah.ba\/index.php\/isk-biser-buzim\/\">I\u0160K &#8220;BISER&#8221; Bu\u017eim<\/a><\/p>\r\n<p>6. <a href=\"https:\/\/sah.ba\/index.php\/sk-mostar-mostar\/\">\u0160K &#8220;MOSTAR&#8221; Mostar<\/a><\/p>\r\n<p>7. <a href=\"https:\/\/sah.ba\/index.php\/sk-king-gornja-dobosnica\/\">\u0160K &#8220;King&#8221; Gornja Dobo\u0161nica<\/a><\/p>\r\n<p>8. <a href=\"https:\/\/sah.ba\/index.php\/sk-zivinice-zivinice\/\">\u0160K &#8220;\u017dIVINICE&#8221; \u017divinice<\/a><\/p>\r\n<p>9. <a href=\"https:\/\/sah.ba\/index.php\/sk-cazin-cazin\/\">\u0160K &#8220;CAZIN&#8221; Cazin<\/a><\/p>\r\n<p>10. <a href=\"https:\/\/sah.ba\/index.php\/sd-tesanj-tesanj\/\">\u0160K &#8220;HALID HAFIZOVI\u0106&#8221;, Te\u0161anj<\/a><\/p>\r\n<p>11. <a href=\"https:\/\/sah.ba\/index.php\/sk-magnus-brcko\/\">\u0160K &#8220;BOSONA&#8221; Br\u010dko<\/a><\/p>\r\n\r\n\r\n\r\n<p>12. <a href=\"https:\/\/sah.ba\/index.php\/tsk-sloboda-tuzla\/\">T\u0160K &#8220;SLOBODA&#8221; Tuzla<\/a><\/p>\r\n\r\n\r\n\r\n\r\n\r\n\r\n\r\n\r\n\r\n<p>13. <a href=\"https:\/\/sah.ba\/index.php\/sk-buzim-buzim\/\">\u0160K &#8220;BU\u017dIM&#8221; Bu\u017eim<\/a><\/p>\r\n\r\n\r\n\r\n<p>14. <a href=\"https:\/\/sah.ba\/index.php\/sk-brcko-brcko\/\">\u0160K &#8220;BR\u010cKO&#8221; Br\u010dko<\/a><\/p>\r\n\r\n\r\n\r\n<p>15. <a href=\"https:\/\/sah.ba\/index.php\/sk-neretva-jablanica\/\">\u0160K &#8220;NERETVA&#8221; Jablanica<\/a><\/p>\r\n\r\n\r\n\r\n\r\n\r\n<p>16. \u0160K &#8220;MLADOST&#8221;, Bosanski Petrovac<\/p>\r\n\r\n\r\n\r\n<p>17. <a href=\"https:\/\/sah.ba\/index.php\/sk-zeljeznicar-sarajevo\/\">\u0160K &#8220;\u017dELJEZNI\u010cAR&#8221;, Sarajevo <\/a><\/p>\r\n\r\n\r\n\r\n<p>18. \u0160K &#8220;DR.DIDO&#8221;, Sanski Most<\/p>\r\n\r\n\r\n\r\n\r\n\r\n<p>19. <a href=\"https:\/\/sah.ba\/index.php\/sk-travnik-travnik\/\">\u0160K \u201eTRAVNIK\u201c, Travnik <\/a><\/p>\r\n\r\n\r\n\r\n\r\n\r\n<p><a href=\"https:\/\/sah.ba\/index.php\/sahovski-klub-vogosca-vogosca\/\">20. \u0160K &#8220;VOGO\u0160\u0106A&#8221;, Vogo\u0161\u0107a <\/a><\/p>\r\n\r\n\r\n\r\n<p>21. <a href=\"https:\/\/sah.ba\/index.php\/sk-zmaj-vuckovci\/\">\u0160K &#8220;ZMAJ&#8221;, Vu\u010dkovci<\/a><\/p>\r\n\r\n\r\n\r\n<p>22. \u0160K &#8220;NERETVA&#8221;, Vrap\u010di\u0107i<\/p>\r\n\r\n\r\n\r\n\r\n\r\n<p>23. <a href=\"https:\/\/sah.ba\/index.php\/sahovski-klub-inzio-tusanj-tuzla\/\">\u0160K &#8220;INZIO-TU\u0160ANJ&#8221; Tuzla<\/a><\/p>\r\n\r\n\r\n\r\n<p>24. <span style=\"font-family: Roboto, sans-serif; font-size: 14px; font-style: normal; font-weight: 400; background-color: transparent;\"><a href=\"https:\/\/sah.ba\/index.php\/sk-iskra-stolac\/\">\u0160K &#8220;ISKRA&#8221;, Stolac<\/a><\/span><\/p>\r\n\r\n\r\n\r\n<p>25. <a href=\"https:\/\/sah.ba\/index.php\/osk-doboj-istok-doboj-istok\/\">O\u0160K &#8220;Doboj Istok&#8221; Doboj Istok<\/a><\/p>\r\n\r\n\r\n\r\n<p>26. <a href=\"https:\/\/sah.ba\/index.php\/sahovski-klub-sloga-tojsici\/\">\u0160K &#8220;SLOGA&#8221; Toj\u0161i\u0107i<\/a><\/p>\r\n\r\n<p>&nbsp;<\/p>","protected":false},"excerpt":{"rendered":"<p>&nbsp;<\/p>\n","protected":false},"author":1,"featured_media":0,"parent":0,"menu_order":0,"comment_status":"closed","ping_status":"closed","template":"","meta":{"footnotes":""},"class_list":["post-34","page","type-page","status-publish","hentry"],"blog_post_layout_featured_media_urls":{"thumbnail":"","full":""},"categories_names":null,"comments_number":0,"wpmagazine_modules_lite_featured_media_urls":{"thumbnail":"","cvmm-medium":"","cvmm-medium-plus":"","cvmm-portrait":"","cvmm-medium-square":"","cvmm-large":"","cvmm-small":"","full":""},"_links":{"self":[{"href":"https:\/\/sah.ba\/index.php\/wp-json\/wp\/v2\/pages\/34","targetHints":{"allow":["GET"]}}],"collection":[{"href":"https:\/\/sah.ba\/index.php\/wp-json\/wp\/v2\/pages"}],"about":[{"href":"https:\/\/sah.ba\/index.php\/wp-json\/wp\/v2\/types\/page"}],"author":[{"embeddable":true,"href":"https:\/\/sah.ba\/index.php\/wp-json\/wp\/v2\/users\/1"}],"replies":[{"embeddable":true,"href":"https:\/\/sah.ba\/index.php\/wp-json\/wp\/v2\/comments?post=34"}],"version-history":[{"count":4,"href":"https:\/\/sah.ba\/index.php\/wp-json\/wp\/v2\/pages\/34\/revisions"}],"predecessor-version":[{"id":5752,"href":"https:\/\/sah.ba\/index.php\/wp-json\/wp\/v2\/pages\/34\/revisions\/5752"}],"wp:attachment":[{"href":"https:\/\/sah.ba\/index.php\/wp-json\/wp\/v2\/media?parent=34"}],"curies":[{"name":"wp","href":"https:\/\/api.w.org\/{rel}","templated":true}]}}