{"id":3550,"date":"2023-04-08T18:25:12","date_gmt":"2023-04-08T18:25:12","guid":{"rendered":"https:\/\/sah.ba\/?page_id=3550"},"modified":"2023-04-08T18:27:11","modified_gmt":"2023-04-08T18:27:11","slug":"sk-bjelasnica-pazaric","status":"publish","type":"page","link":"https:\/\/sah.ba\/index.php\/sk-bjelasnica-pazaric\/","title":{"rendered":"\u0160K &#8220;BJELA\u0160NICA&#8221; Pazari\u0107"},"content":{"rendered":"\n\n\n<p style=\"margin: 0cm 0cm 0.0001pt; background-image: initial; background-position: initial; background-size: initial; background-repeat: initial; background-attachment: initial; background-origin: initial; background-clip: initial;\"><b><span style=\"font-size: 10.5pt; font-family: &quot;inherit&quot;, serif; border-width: 1pt; border-style: none; border-color: windowtext; padding: 0cm;\">Predsjednik kluba<\/span><\/b><span style=\"font-size: 10.5pt; font-family: &quot;inherit&quot;, serif;\">: <\/span>Ahmed \u0110elilovi\u0107<span style=\"font-size: 10.5pt; font-family: &quot;inherit&quot;, serif;\"><o:p><\/o:p><\/span><\/p><p style=\"margin: 0cm 0cm 0.0001pt; background-image: initial; background-position: initial; background-size: initial; background-repeat: initial; background-attachment: initial; background-origin: initial; background-clip: initial;\"><b><span style=\"font-size: 10.5pt; font-family: &quot;inherit&quot;, serif; border-width: 1pt; border-style: none; border-color: windowtext; padding: 0cm;\">Sekretar kluba<\/span><\/b><span style=\"font-size: 10.5pt; font-family: &quot;inherit&quot;, serif;\">: <\/span>Halil\nMaka\u0161<span style=\"font-size: 10.5pt; font-family: &quot;inherit&quot;, serif;\"><o:p><\/o:p><\/span><\/p><p style=\"margin: 0cm 0cm 0.0001pt; background-image: initial; background-position: initial; background-size: initial; background-repeat: initial; background-attachment: initial; background-origin: initial; background-clip: initial;\"><b><span style=\"font-size: 10.5pt; font-family: &quot;inherit&quot;, serif; border-width: 1pt; border-style: none; border-color: windowtext; padding: 0cm;\">Broj \u017eiro ra\u010duna<\/span><\/b><span style=\"font-size: 10.5pt; font-family: &quot;inherit&quot;, serif;\">: <\/span>3389002209067631<span style=\"font-size: 10.5pt; font-family: &quot;inherit&quot;, serif;\"><o:p><\/o:p><\/span><\/p><p style=\"margin: 0cm 0cm 0.0001pt; background-image: initial; background-position: initial; background-size: initial; background-repeat: initial; background-attachment: initial; background-origin: initial; background-clip: initial;\"><b><span style=\"font-size: 10.5pt; font-family: &quot;inherit&quot;, serif; border-width: 1pt; border-style: none; border-color: windowtext; padding: 0cm;\">Naziv banke<\/span><\/b><span style=\"font-size: 10.5pt; font-family: &quot;inherit&quot;, serif;\">: Uni\nCredit banka<o:p><\/o:p><\/span><\/p><p style=\"margin: 0cm 0cm 0.0001pt; background-image: initial; background-position: initial; background-size: initial; background-repeat: initial; background-attachment: initial; background-origin: initial; background-clip: initial;\"><b><span style=\"font-size: 10.5pt; font-family: &quot;inherit&quot;, serif; border-width: 1pt; border-style: none; border-color: windowtext; padding: 0cm;\">Kontakt broj<\/span><\/b><span style=\"font-size: 10.5pt; font-family: &quot;inherit&quot;, serif;\">: <\/span>061\n545 212<span style=\"font-size: 10.5pt; font-family: &quot;inherit&quot;, serif;\"><o:p><\/o:p><\/span><\/p><p>\n\n\n\n\n\n\n\n\n\n<\/p><p style=\"margin: 0cm 0cm 0.0001pt; background-image: initial; background-position: initial; background-size: initial; background-repeat: initial; background-attachment: initial; background-origin: initial; background-clip: initial;\"><b><span style=\"font-size: 10.5pt; font-family: &quot;inherit&quot;, serif; border-width: 1pt; border-style: none; border-color: windowtext; padding: 0cm;\">Adresa<\/span><\/b><span style=\"font-size: 10.5pt; font-family: &quot;inherit&quot;, serif;\">: <\/span>Bjela\u0161ni\u010dka 76, Pazari\u0107<span style=\"font-size: 10.5pt; font-family: &quot;inherit&quot;, serif;\"><o:p><\/o:p><\/span><\/p>\n\n\n\n\nBjela\u0161ni\u010dka 76, Pazari\u0107, BiH\n\n\n","protected":false},"excerpt":{"rendered":"","protected":false},"author":1,"featured_media":0,"parent":0,"menu_order":0,"comment_status":"closed","ping_status":"closed","template":"","meta":{"footnotes":""},"class_list":["post-3550","page","type-page","status-publish","hentry"],"blog_post_layout_featured_media_urls":{"thumbnail":"","full":""},"categories_names":null,"comments_number":0,"wpmagazine_modules_lite_featured_media_urls":{"thumbnail":"","cvmm-medium":"","cvmm-medium-plus":"","cvmm-portrait":"","cvmm-medium-square":"","cvmm-large":"","cvmm-small":"","full":""},"_links":{"self":[{"href":"https:\/\/sah.ba\/index.php\/wp-json\/wp\/v2\/pages\/3550","targetHints":{"allow":["GET"]}}],"collection":[{"href":"https:\/\/sah.ba\/index.php\/wp-json\/wp\/v2\/pages"}],"about":[{"href":"https:\/\/sah.ba\/index.php\/wp-json\/wp\/v2\/types\/page"}],"author":[{"embeddable":true,"href":"https:\/\/sah.ba\/index.php\/wp-json\/wp\/v2\/users\/1"}],"replies":[{"embeddable":true,"href":"https:\/\/sah.ba\/index.php\/wp-json\/wp\/v2\/comments?post=3550"}],"version-history":[{"count":0,"href":"https:\/\/sah.ba\/index.php\/wp-json\/wp\/v2\/pages\/3550\/revisions"}],"wp:attachment":[{"href":"https:\/\/sah.ba\/index.php\/wp-json\/wp\/v2\/media?parent=3550"}],"curies":[{"name":"wp","href":"https:\/\/api.w.org\/{rel}","templated":true}]}}