{"id":3816,"date":"2023-06-15T13:21:43","date_gmt":"2023-06-15T13:21:43","guid":{"rendered":"https:\/\/sah.ba\/?page_id=3816"},"modified":"2023-06-15T13:22:47","modified_gmt":"2023-06-15T13:22:47","slug":"osk-doboj-istok-doboj-istok","status":"publish","type":"page","link":"https:\/\/sah.ba\/index.php\/osk-doboj-istok-doboj-istok\/","title":{"rendered":"O\u0160K &#8220;Doboj Istok&#8221; Doboj Istok"},"content":{"rendered":"<p>OMLADINSKI \u0160AHOVSKI KLUB DOBOJ ISTOK<\/p>\n<p>Predsjednik: Hava Avdi\u0107<\/p>\n<p>Sekretar: Esad Be\u0107irovi\u0107<\/p>\n<p>\u017eiro ra\u010dun kuba: 132-180-2009989542,<\/p>\n<p>Naziv banke: NLB banka<\/p>\n<p>E mail : sahdobojistok@hotmail.com<\/p>\n<p>Kontakt Samir Babi\u0107 061371965<\/p>\n<p>Adresa: Trg Alije Izatbegovi\u00e7a br.7, Klokotnica, Doboj Istok<\/p>\n","protected":false},"excerpt":{"rendered":"<p>OMLADINSKI \u0160AHOVSKI KLUB DOBOJ ISTOK Predsjednik: Hava Avdi\u0107 Sekretar: Esad Be\u0107irovi\u0107 \u017eiro ra\u010dun kuba: 132-180-2009989542, Naziv banke: NLB banka E mail : sahdobojistok@hotmail.com Kontakt Samir Babi\u0107 061371965 Adresa: Trg Alije [&hellip;]<\/p>\n","protected":false},"author":1,"featured_media":0,"parent":0,"menu_order":0,"comment_status":"closed","ping_status":"closed","template":"","meta":{"footnotes":""},"class_list":["post-3816","page","type-page","status-publish","hentry"],"blog_post_layout_featured_media_urls":{"thumbnail":"","full":""},"categories_names":null,"comments_number":0,"wpmagazine_modules_lite_featured_media_urls":{"thumbnail":"","cvmm-medium":"","cvmm-medium-plus":"","cvmm-portrait":"","cvmm-medium-square":"","cvmm-large":"","cvmm-small":"","full":""},"_links":{"self":[{"href":"https:\/\/sah.ba\/index.php\/wp-json\/wp\/v2\/pages\/3816","targetHints":{"allow":["GET"]}}],"collection":[{"href":"https:\/\/sah.ba\/index.php\/wp-json\/wp\/v2\/pages"}],"about":[{"href":"https:\/\/sah.ba\/index.php\/wp-json\/wp\/v2\/types\/page"}],"author":[{"embeddable":true,"href":"https:\/\/sah.ba\/index.php\/wp-json\/wp\/v2\/users\/1"}],"replies":[{"embeddable":true,"href":"https:\/\/sah.ba\/index.php\/wp-json\/wp\/v2\/comments?post=3816"}],"version-history":[{"count":0,"href":"https:\/\/sah.ba\/index.php\/wp-json\/wp\/v2\/pages\/3816\/revisions"}],"wp:attachment":[{"href":"https:\/\/sah.ba\/index.php\/wp-json\/wp\/v2\/media?parent=3816"}],"curies":[{"name":"wp","href":"https:\/\/api.w.org\/{rel}","templated":true}]}}