{"id":40,"date":"2022-09-27T12:21:52","date_gmt":"2022-09-27T12:21:52","guid":{"rendered":"https:\/\/sah.ba\/?page_id=40"},"modified":"2025-07-16T09:36:21","modified_gmt":"2025-07-16T09:36:21","slug":"predlozeni-linkovi","status":"publish","type":"page","link":"https:\/\/sah.ba\/index.php\/predlozeni-linkovi\/","title":{"rendered":"Predlo\u017eeni linkovi"},"content":{"rendered":"\r\n\r\n\r\n\r\n\r\n\r\n\r\n<p class=\"MsoNormal\" style=\"text-align: center;\" align=\"center\"><strong><span lang=\"BS-LATN-BA\" style=\"font-size: 16.0pt; mso-bidi-font-size: 11.0pt; line-height: 107%; font-family: 'Times New Roman',serif;\">\u0160AHOVSKI SAVEZI:<\/span><\/strong><\/p>\r\n<p align=\"center\">\u0160AHOVSKI SAVEZ BOSNE I HERCEGOVINE &#8211; <a href=\"https:\/\/sahovskisavezbih.com\/\">\u0160ahovski savez Bosne i Hercegovine<\/a><\/p>\r\n<p class=\"MsoNormal\" style=\"text-align: center;\" align=\"center\"><span lang=\"BS-LATN-BA\" style=\"font-family: 'Times New Roman',serif;\">\u0160AHOVSKI SAVEZ FEDERACIJE BOSNE I HERCEGOVINE &#8211; <\/span><span lang=\"BS-LATN-BA\"><a href=\"https:\/\/www.sah.ba\/\">Sahovski savez Federacije Bosne i Hercegovine<\/a><\/span><\/p>\r\n<p class=\"MsoNormal\" style=\"text-align: center;\" align=\"center\"><span lang=\"BS-LATN-BA\" style=\"font-family: 'Times New Roman',serif;\">\u0160AHOVSKI SAVEZ REPUBLIKE SRPSKE &#8211; <\/span><span lang=\"BS-LATN-BA\"><a href=\"https:\/\/www.ssrepublikesrpske.org\/\">\u0428\u0430\u0445\u043e\u0432\u0441\u043a\u0438 \u0441\u0430\u0432\u0435\u0437 \u0420\u0421\u2502www.ssrepublikesrpske.org<\/a><\/span><\/p>\r\n<p class=\"MsoNormal\" style=\"text-align: center;\" align=\"center\"><span lang=\"BS-LATN-BA\" style=\"font-family: 'Times New Roman',serif;\">\u0160AHOVSKI SAVEZ HERCEG-BOSNE &#8211; <\/span><span lang=\"BS-LATN-BA\"><a href=\"http:\/\/www.sshb.ba\/new\/\">\u0160ahovski savez Herceg-Bosne (sshb.ba)<\/a><\/span><\/p>\r\n<p class=\"MsoNormal\" style=\"text-align: center;\" align=\"center\"><span lang=\"BS-LATN-BA\" style=\"font-family: 'Times New Roman',serif;\">\u0160AHOVSKI SAVEZ HRVATSKE &#8211; <\/span><span lang=\"BS-LATN-BA\"><a href=\"https:\/\/hrvatski-sahovski-savez.hr\/\">https:\/\/hrvatski-sahovski-savez.hr<\/a><\/span><\/p>\r\n<p class=\"MsoNormal\" style=\"text-align: center;\" align=\"center\"><span lang=\"BS-LATN-BA\" style=\"font-family: 'Times New Roman',serif;\">\u0160AHOVSKI SAVEZ SRBIJE &#8211; <\/span><span lang=\"BS-LATN-BA\"><a href=\"https:\/\/serbiachess.org\/\">\u0160ahovski savez Srbije | Serbia chess Federation<\/a><\/span><\/p>\r\n<p class=\"MsoNormal\" style=\"text-align: center;\" align=\"center\"><span lang=\"BS-LATN-BA\" style=\"font-family: 'Times New Roman',serif;\">\u0160AHOVSKI SAVEZ CENTRALNE SRBIJE &#8211; <\/span><span lang=\"BS-LATN-BA\"><a href=\"https:\/\/sah-centralnasrbija.org\/\">Sahovski savez centralne Srbije \u2013 SSCS (sah-centralnasrbija.org)<\/a><\/span><\/p>\r\n<p class=\"MsoNormal\" style=\"text-align: center;\" align=\"center\"><span lang=\"BS-LATN-BA\" style=\"font-family: 'Times New Roman',serif;\">\u0160AHOVSKI SAVEZ CRNE GORE &#8211; <\/span><span lang=\"BS-LATN-BA\"><a href=\"https:\/\/sahcg.me\/\">\u0160ahovski savez Crne Gore (sahcg.me)<\/a><\/span><\/p>\r\n<p class=\"MsoNormal\" style=\"text-align: center;\" align=\"center\"><span lang=\"BS-LATN-BA\" style=\"font-family: 'Times New Roman',serif;\">\u0160AHOVSKI SAVEZ SLOVENIJE &#8211; <\/span><span lang=\"BS-LATN-BA\"><a href=\"https:\/\/www.sah-zveza.si\/\">\u0160ahovska Zveza Slovenije (sah-zveza.si)<\/a><\/span><\/p>\r\n<p class=\"MsoNormal\" style=\"text-align: center;\" align=\"center\"><span lang=\"BS-LATN-BA\" style=\"font-family: 'Times New Roman',serif;\">FIDE &#8211; <\/span><span lang=\"BS-LATN-BA\"><a href=\"https:\/\/www.fide.com\/\">International Chess Federation (fide.com)<\/a><\/span><\/p>\r\n<p class=\"MsoNormal\" style=\"text-align: center;\" align=\"center\"><span lang=\"BS-LATN-BA\" style=\"font-family: 'Times New Roman',serif;\">EVROPSKA \u0160AHOVSKA UNIJA &#8211; <\/span><span lang=\"BS-LATN-BA\"><a href=\"https:\/\/www.europechess.org\/\">https:\/\/www.europechess.org<\/a><\/span><\/p>\r\n<p class=\"MsoNormal\" style=\"text-align: center;\" align=\"center\"><span lang=\"BS-LATN-BA\" style=\"font-family: 'Times New Roman',serif;\">\u0160AHOVSKI SAVEZ KANTONA SARAJEVO &#8211; <\/span><span lang=\"BS-LATN-BA\"><a href=\"https:\/\/www.ssks.ba\/\">https:\/\/www.ssks.ba<\/a><\/span><\/p>\r\n<p class=\"MsoNormal\" style=\"text-align: center;\" align=\"center\"><span lang=\"BS-LATN-BA\" style=\"font-family: 'Times New Roman',serif;\">ZAGREBA\u010cKI \u0160AHOVSKI SAVEZ &#8211; <\/span><span lang=\"BS-LATN-BA\"><a href=\"http:\/\/zgss.hr\/\">Zagreba\u010dki \u0161ahovski savez (zgss.hr)<\/a><\/span><\/p>\r\n<p class=\"MsoNormal\" style=\"text-align: center;\" align=\"center\"><span lang=\"BS-LATN-BA\" style=\"font-family: 'Times New Roman',serif;\">\u0160AHOVSKI SAVEZ VOJVODINE &#8211; <\/span><span lang=\"BS-LATN-BA\"><a href=\"http:\/\/www.vojvodinachess.net\/\">\u0428\u0430\u0445\u043e\u0432\u0441\u043a\u0438 \u0441\u0430\u0432\u0435\u0437 \u0412\u043e\u0458\u0432\u043e\u0434\u0438\u043d\u0435 (vojvodinachess.net)<\/a><\/span><\/p>\r\n<p>&nbsp;<\/p>\r\n<p class=\"MsoNormal\" style=\"text-align: center;\" align=\"center\"><span lang=\"BS-LATN-BA\" style=\"font-family: 'Times New Roman',serif;\">\u0160AHOVSKI SAVEZ BEOGRADA &#8211; <\/span><span lang=\"BS-LATN-BA\"><a href=\"https:\/\/beochess.rs\/\">\u0428\u0430\u0445\u043e\u0432\u0441\u043a\u0438 \u0421\u0430\u0432\u0435\u0437 \u0411\u0435\u043e\u0433\u0440\u0430\u0434\u0430 &#8211; \u0421\u0430\u0432\u0435\u0437 \u0448\u0430\u0445\u0438\u0441\u0442\u0430 \u0433\u0440\u0430\u0434\u0430 \u0411\u0435\u043e\u0433\u0440\u0430\u0434\u0430 (beochess.rs)<\/a><\/span><\/p>\r\n\r\n\r\n\r\n<p>&nbsp;<\/p>\r\n\r\n\r\n\r\n<p class=\"MsoNormal\" style=\"text-align: center;\" align=\"center\"><b><span lang=\"BS-LATN-BA\" style=\"font-size: 16.0pt; mso-bidi-font-size: 11.0pt; line-height: 107%; font-family: 'Times New Roman',serif;\">\u0160AHOVSKI KLUBOVI:<\/span><\/b><\/p>\r\n<p class=\"MsoNormal\" style=\"text-align: center;\" align=\"center\"><span lang=\"BS-LATN-BA\" style=\"font-family: 'Times New Roman',serif;\">CENTAR ZA UNAPRE\u0110ENJE I RAZVOJ \u0160AHA \u201eGAMBIT\u201c BANJA LUKA &#8211; <\/span><span lang=\"BS-LATN-BA\"><a href=\"https:\/\/gambitbanjaluka.com\/index.php\">&#8220;GAMBIT&#8221; Banjaluka\u2502\u0160kola \u0161aha (gambitbanjaluka.com)<\/a><\/span><\/p>\r\n<p class=\"MsoNormal\" style=\"text-align: center;\" align=\"center\"><span lang=\"BS-LATN-BA\" style=\"font-family: 'Times New Roman',serif;\">\u0160AHOVSKI KLUB \u201eTRAVNIK\u201c TRAVNIK &#8211; <\/span><span lang=\"BS-LATN-BA\"><a href=\"http:\/\/www.sktravnik.com\/\">\u0160ahovski Klub Travnik &#8211; \u0160ahovski Klub Travnik (sktravnik.com)<\/a><\/span><\/p>\r\n<p class=\"MsoNormal\" style=\"text-align: center;\" align=\"center\"><span lang=\"BS-LATN-BA\" style=\"font-family: 'Times New Roman',serif;\">PARA\u0106IN CHESS &#8211; <\/span><span lang=\"BS-LATN-BA\"><a href=\"http:\/\/www.paracinchess.rs\/\">Chess Festival SPORT SUMMER 2016. &#8211; \u0428\u0430\u0445 \u0424\u0435\u0441\u0442\u0438\u0432\u0430\u043b \u0421\u041f\u041e\u0420\u0422\u0421\u041a\u041e \u041b\u0415\u0422\u041e 2016. (paracinchess.rs)<\/a><\/span><\/p>\r\n<p align=\"center\">\u0160AHOVSKI KLUB &#8220;\u010cELIK&#8221; ZENICA &#8211; <a href=\"http:\/\/skcelikzenica.com\/\">http:\/\/skcelikzenica.com\/<\/a><\/p>\r\n<p>&nbsp;<\/p>\r\n<p class=\"MsoNormal\" style=\"text-align: center;\" align=\"center\"><span lang=\"BS-LATN-BA\" style=\"font-family: 'Times New Roman',serif;\">\u0160AHOVSKI KLUB \u201eDIJAGONALE\u201c &#8211; <\/span><span lang=\"BS-LATN-BA\"><a href=\"http:\/\/www.dijagonale.me\/\">Dijagonale<\/a><\/span><\/p>\r\n\r\n\r\n\r\n<p>&nbsp;<\/p>\r\n\r\n\r\n\r\n<p class=\"MsoNormal\" style=\"text-align: center;\" align=\"center\"><strong><span lang=\"BS-LATN-BA\" style=\"font-size: 16.0pt; mso-bidi-font-size: 11.0pt; line-height: 107%; font-family: 'Times New Roman',serif;\">OSTALO:<\/span><\/strong><\/p>\r\n<p class=\"MsoNormal\" style=\"text-align: center;\" align=\"center\"><span lang=\"BS-LATN-BA\" style=\"font-family: 'Times New Roman',serif;\">FIDE KALENDAR &#8211; <\/span><span lang=\"BS-LATN-BA\"><a href=\"https:\/\/www.fide.com\/calendar\/tournaments\">Calendar (fide.com)<\/a><\/span><\/p>\r\n<p class=\"MsoNormal\" style=\"text-align: center;\" align=\"center\"><span lang=\"BS-LATN-BA\" style=\"font-family: 'Times New Roman',serif;\">CHESS RESULTS &#8211; <\/span><span lang=\"BS-LATN-BA\"><a href=\"http:\/\/chess-results.com\/\">Chess-Results Server Chess-results.com &#8211; Homepage<\/a><\/span><\/p>\r\n<p class=\"MsoNormal\" style=\"text-align: center;\" align=\"center\"><span lang=\"BS-LATN-BA\" style=\"font-family: 'Times New Roman',serif;\">CHESS RESULTS BiH &#8211; <\/span><span lang=\"BS-LATN-BA\"><a href=\"http:\/\/chess-results.com\/fed.aspx?lan=1&amp;fed=BIH\">Chess-Results Server Chess-results.com &#8211; FED-Selection BIH<\/a><\/span><\/p>\r\n<p class=\"MsoNormal\" style=\"text-align: center;\" align=\"center\"><span lang=\"BS-LATN-BA\" style=\"font-family: 'Times New Roman',serif;\">SVE ZA \u0160AH BiH &#8211; <\/span><span lang=\"BS-LATN-BA\"><a href=\"https:\/\/svezasahbih.com\/\">Sve za \u0161ah BiH &#8211; \u0160ah, BiH (svezasahbih.com)<\/a><\/span><\/p>\r\n<p class=\"MsoNormal\" style=\"text-align: center;\" align=\"center\"><span lang=\"BS-LATN-BA\" style=\"font-family: 'Times New Roman',serif;\">CHESS SCOUT &#8211; <\/span><span lang=\"BS-LATN-BA\"><a href=\"http:\/\/www.chessscout.info\/\">Chess Scout BiH<\/a><\/span><\/p>\r\n<p class=\"MsoNormal\" style=\"text-align: center;\" align=\"center\"><span lang=\"BS-LATN-BA\" style=\"font-family: 'Times New Roman',serif;\">CHESS ABC &#8211; <\/span><span lang=\"BS-LATN-BA\"><a href=\"https:\/\/chessabc.com\/\">Chess ABC | \u0160ahovski portal &#8211; po\u010detna stranica<\/a><\/span><\/p>\r\n<p class=\"MsoNormal\" style=\"text-align: center;\" align=\"center\"><span lang=\"BS-LATN-BA\" style=\"font-family: 'Times New Roman',serif;\">SVE ZA \u0160AH &#8211; <\/span><span lang=\"BS-LATN-BA\"><a href=\"https:\/\/www.svezasah.rs\/sve-za-sah\/\">Sve za \u0161ah &#8211; Sve za \u0161ah, \u0161ahovska oprema &#8211; Beograd (svezasah.rs)<\/a><\/span><\/p>\r\n<p class=\"MsoNormal\" style=\"text-align: center;\" align=\"center\"><span lang=\"BS-LATN-BA\" style=\"font-family: 'Times New Roman',serif;\">VE\u010cITI \u0160AH &#8211; <\/span><span lang=\"BS-LATN-BA\"><a href=\"http:\/\/www.perpetualcheck.com\/index.php?lan=sr\">Ve\u010diti \u0160ah (perpetualcheck.com)<\/a><\/span><\/p>\r\n<p class=\"MsoNormal\" style=\"text-align: center;\" align=\"center\"><span lang=\"BS-LATN-BA\" style=\"font-family: 'Times New Roman',serif;\">SINI\u0160A DRA\u017dI\u0106 \u0160AHOVSKI KUTAK VELEMAJSTORA &#8211; <\/span><span lang=\"BS-LATN-BA\"><a href=\"http:\/\/www.drazic.co.rs\/\">Sini\u0161a Dra\u017ei\u0107 &#8211; \u0160ahovski kutak velemajstora (drazic.co.rs)<\/a><\/span><\/p>\r\n<p class=\"MsoNormal\" style=\"text-align: center;\" align=\"center\"><span lang=\"BS-LATN-BA\" style=\"font-family: 'Times New Roman',serif;\">CROCHESS &#8211; <\/span><span lang=\"BS-LATN-BA\"><a href=\"https:\/\/www.crochess.com\/\">\u0421rochess (crochess.com)<\/a><\/span><\/p>\r\n<p class=\"MsoNormal\" style=\"text-align: center;\" align=\"center\"><span lang=\"BS-LATN-BA\" style=\"font-family: 'Times New Roman',serif;\">CHESS.COM &#8211; <\/span><span lang=\"BS-LATN-BA\"><a href=\"https:\/\/www.chess.com\/home\">Po\u010detna &#8211; Chess.com<\/a><\/span><\/p>\r\n<p class=\"MsoNormal\" style=\"text-align: center;\" align=\"center\"><span lang=\"BS-LATN-BA\" style=\"font-family: 'Times New Roman',serif;\">LICHESS &#8211; <\/span><span lang=\"BS-LATN-BA\"><a href=\"https:\/\/lichess.org\/\">lichess.org \u2022 Besplatni Internetski \u0160ah<\/a><\/span><\/p>\r\n<p class=\"MsoNormal\" style=\"text-align: center;\" align=\"center\"><span lang=\"BS-LATN-BA\" style=\"font-family: 'Times New Roman',serif;\">CHESS24 &#8211; <\/span><span lang=\"BS-LATN-BA\"><a href=\"https:\/\/chess24.com\/en\">Chess &#8211; Play, Learn &amp; Watch Live Tournaments &#8211; chess24 | chess24.com<\/a><\/span><\/p>\r\n<p class=\"MsoNormal\" style=\"text-align: center;\" align=\"center\"><span lang=\"BS-LATN-BA\" style=\"font-family: 'Times New Roman',serif;\">FOLLOW CHESS &#8211; <\/span><span lang=\"BS-LATN-BA\"><a href=\"https:\/\/live.followchess.com\/\">FollowChess<\/a><\/span><\/p>\r\n<p class=\"MsoNormal\" style=\"text-align: center;\" align=\"center\"><span lang=\"BS-LATN-BA\" style=\"font-family: 'Times New Roman',serif;\">CHESS BOMB &#8211; <\/span><span lang=\"BS-LATN-BA\"><a href=\"https:\/\/www.chess.com\/events\">\u0160ahovski turniri u\u017eivo &#8211; prati najva\u017enije doga\u0111aje &#8211; Chess.com<\/a><\/span><\/p>\r\n<p class=\"MsoNormal\" style=\"text-align: center;\" align=\"center\"><span lang=\"BS-LATN-BA\" style=\"font-family: 'Times New Roman',serif;\">THE WEEK IN CHESS &#8211; <\/span><span lang=\"BS-LATN-BA\"><a href=\"https:\/\/theweekinchess.com\/\">Home | The Week in Chess<\/a><\/span><\/p>\r\n<p class=\"MsoNormal\" style=\"text-align: center;\" align=\"center\"><span lang=\"BS-LATN-BA\" style=\"font-family: 'Times New Roman',serif;\">CHESSBASE &#8211; <\/span><span lang=\"BS-LATN-BA\"><a href=\"https:\/\/en.chessbase.com\/\">Chess News | ChessBase<\/a><\/span><\/p>\r\n<p class=\"MsoNormal\" style=\"text-align: center;\" align=\"center\"><span lang=\"BS-LATN-BA\" style=\"font-family: 'Times New Roman',serif;\">OLIMPBASE &#8211; <\/span><span lang=\"BS-LATN-BA\"><a href=\"http:\/\/www.olimpbase.org\/index.php\">OlimpBase :: the encyclopaedia of team chess<\/a><\/span><\/p>\r\n<p class=\"MsoNormal\" style=\"text-align: center;\" align=\"center\"><span lang=\"BS-LATN-BA\" style=\"font-family: 'Times New Roman',serif;\">ICCF &#8211; <\/span><span lang=\"BS-LATN-BA\"><a href=\"https:\/\/www.iccf.com\/\">ICCF<\/a><\/span><\/p>\r\n<p>&nbsp;<\/p>\r\n<p class=\"MsoNormal\" style=\"text-align: center;\" align=\"center\"><span lang=\"BS-LATN-BA\" style=\"font-family: 'Times New Roman',serif;\">SWISS MANAGER &#8211; <\/span><span lang=\"BS-LATN-BA\"><a href=\"https:\/\/swiss-manager.at\/default.aspx\">Swiss-Manager Homepage<\/a><br \/>CENTAR ZA ZA\u0160TITU I PROMOCIJU \u0160AHOVSKE BA\u0160TINE &#8211;\u00a0<\/span><a style=\"font-family: Calibri, sans-serif;\" href=\"https:\/\/www.facebook.com\/Centarsahovskebastinebh\">Centar za za\u0161titu i promociju \u0161ahovske ba\u0161tine Bosne i Hercegovine | Facebook<\/a><\/p>\r\n\r\n<p>&nbsp;<\/p>","protected":false},"excerpt":{"rendered":"<p>&nbsp;<\/p>\n","protected":false},"author":1,"featured_media":0,"parent":0,"menu_order":0,"comment_status":"closed","ping_status":"closed","template":"","meta":{"footnotes":""},"class_list":["post-40","page","type-page","status-publish","hentry"],"blog_post_layout_featured_media_urls":{"thumbnail":"","full":""},"categories_names":null,"comments_number":0,"wpmagazine_modules_lite_featured_media_urls":{"thumbnail":"","cvmm-medium":"","cvmm-medium-plus":"","cvmm-portrait":"","cvmm-medium-square":"","cvmm-large":"","cvmm-small":"","full":""},"_links":{"self":[{"href":"https:\/\/sah.ba\/index.php\/wp-json\/wp\/v2\/pages\/40","targetHints":{"allow":["GET"]}}],"collection":[{"href":"https:\/\/sah.ba\/index.php\/wp-json\/wp\/v2\/pages"}],"about":[{"href":"https:\/\/sah.ba\/index.php\/wp-json\/wp\/v2\/types\/page"}],"author":[{"embeddable":true,"href":"https:\/\/sah.ba\/index.php\/wp-json\/wp\/v2\/users\/1"}],"replies":[{"embeddable":true,"href":"https:\/\/sah.ba\/index.php\/wp-json\/wp\/v2\/comments?post=40"}],"version-history":[{"count":1,"href":"https:\/\/sah.ba\/index.php\/wp-json\/wp\/v2\/pages\/40\/revisions"}],"predecessor-version":[{"id":5530,"href":"https:\/\/sah.ba\/index.php\/wp-json\/wp\/v2\/pages\/40\/revisions\/5530"}],"wp:attachment":[{"href":"https:\/\/sah.ba\/index.php\/wp-json\/wp\/v2\/media?parent=40"}],"curies":[{"name":"wp","href":"https:\/\/api.w.org\/{rel}","templated":true}]}}