{"id":4282,"date":"2024-01-28T17:20:50","date_gmt":"2024-01-28T17:20:50","guid":{"rendered":"https:\/\/sah.ba\/?page_id=4282"},"modified":"2024-01-28T17:25:11","modified_gmt":"2024-01-28T17:25:11","slug":"sahovski-klub-vogosca-vogosca","status":"publish","type":"page","link":"https:\/\/sah.ba\/index.php\/sahovski-klub-vogosca-vogosca\/","title":{"rendered":"\u0160ahovski klub &#8220;Vogo\u0161\u0107a&#8221; Vogo\u0161\u0107a"},"content":{"rendered":"\n\n\n<b>Ime predsjednika: \u0160efik Husi\u0107<\/b>\n<p><b>Ime potpredsjednika: Zajko Lojo<\/b><\/p>\n<p><b>Ime sekretara: Fadil Leto<\/b><\/p>\n<p><b>E-mail: sefik.husic@bhrt.ba<\/b><\/p>\n<p><b>Broj mobitela: +387 61 892 649<\/b><\/p>\n<p><b>Naziv banke: Raifaissen Banka Vogo\u0161\u0107a<\/b><\/p>\n<p><b>Broj \u017eiro ra\u010duna: 3389002206041328<\/b><\/p>\n<p><b>Adresa: Jo\u0161ani\u0107ka 33, Vogo\u0161\u0107a<\/b><\/p>\n\n\n\n\nJa\u0161ani\u0107ka 33, Vogo\u0161\u0107a, BiH\n\n\n","protected":false},"excerpt":{"rendered":"","protected":false},"author":1,"featured_media":0,"parent":0,"menu_order":0,"comment_status":"closed","ping_status":"closed","template":"","meta":{"footnotes":""},"class_list":["post-4282","page","type-page","status-publish","hentry"],"blog_post_layout_featured_media_urls":{"thumbnail":"","full":""},"categories_names":null,"comments_number":0,"wpmagazine_modules_lite_featured_media_urls":{"thumbnail":"","cvmm-medium":"","cvmm-medium-plus":"","cvmm-portrait":"","cvmm-medium-square":"","cvmm-large":"","cvmm-small":"","full":""},"_links":{"self":[{"href":"https:\/\/sah.ba\/index.php\/wp-json\/wp\/v2\/pages\/4282","targetHints":{"allow":["GET"]}}],"collection":[{"href":"https:\/\/sah.ba\/index.php\/wp-json\/wp\/v2\/pages"}],"about":[{"href":"https:\/\/sah.ba\/index.php\/wp-json\/wp\/v2\/types\/page"}],"author":[{"embeddable":true,"href":"https:\/\/sah.ba\/index.php\/wp-json\/wp\/v2\/users\/1"}],"replies":[{"embeddable":true,"href":"https:\/\/sah.ba\/index.php\/wp-json\/wp\/v2\/comments?post=4282"}],"version-history":[{"count":0,"href":"https:\/\/sah.ba\/index.php\/wp-json\/wp\/v2\/pages\/4282\/revisions"}],"wp:attachment":[{"href":"https:\/\/sah.ba\/index.php\/wp-json\/wp\/v2\/media?parent=4282"}],"curies":[{"name":"wp","href":"https:\/\/api.w.org\/{rel}","templated":true}]}}