{"id":4449,"date":"2024-03-01T15:25:11","date_gmt":"2024-03-01T15:25:11","guid":{"rendered":"https:\/\/sah.ba\/?page_id=4449"},"modified":"2024-03-01T15:30:49","modified_gmt":"2024-03-01T15:30:49","slug":"isk-biser-buzim","status":"publish","type":"page","link":"https:\/\/sah.ba\/index.php\/isk-biser-buzim\/","title":{"rendered":"I\u0160K &#8220;BISER&#8221; Bu\u017eim"},"content":{"rendered":"\t\t<div data-elementor-type=\"wp-page\" data-elementor-id=\"4449\" class=\"elementor elementor-4449\">\n\t\t\t\t\t\t<section class=\"elementor-section elementor-top-section elementor-element elementor-element-7be9a55 elementor-section-boxed elementor-section-height-default elementor-section-height-default\" data-id=\"7be9a55\" data-element_type=\"section\">\n\t\t\t\t\t\t<div class=\"elementor-container elementor-column-gap-default\">\n\t\t\t\t\t<div class=\"elementor-column elementor-col-100 elementor-top-column elementor-element elementor-element-fa0803a\" data-id=\"fa0803a\" data-element_type=\"column\">\n\t\t\t<div class=\"elementor-widget-wrap elementor-element-populated\">\n\t\t\t\t\t\t<div class=\"elementor-element elementor-element-d2bf1bc elementor-widget elementor-widget-text-editor\" data-id=\"d2bf1bc\" data-element_type=\"widget\" data-widget_type=\"text-editor.default\">\n\t\t\t\t<div class=\"elementor-widget-container\">\n\t\t\t\t\t\t\t\t\t<p><b>Ime i prezime predsjednika:<\/b>\u00a0Samir \u0110uli\u0107<\/p><p><b>Ime i prezime sekretara:<\/b>\u00a0Hasan Kova\u010devi\u0107<\/p><p><b>ID broj: <\/b>4263928370009<\/p><p><b>Broj \u017eiro ra\u010duna:<\/b> 1610000325350039<\/p><p><b>E-mail:<\/b> iskbiserbuzim@gmail.com<\/p><p><b>Broj mobitela:<\/b> 061369203<\/p><p><b>Adresa:<\/b> Mrazovac 91., 77245 Bu\u017eim<\/p>\t\t\t\t\t\t\t\t<\/div>\n\t\t\t\t<\/div>\n\t\t\t\t\t<\/div>\n\t\t<\/div>\n\t\t\t\t\t<\/div>\n\t\t<\/section>\n\t\t\t\t<section class=\"elementor-section elementor-top-section elementor-element elementor-element-f1667f0 elementor-section-boxed elementor-section-height-default elementor-section-height-default\" data-id=\"f1667f0\" data-element_type=\"section\">\n\t\t\t\t\t\t<div class=\"elementor-container elementor-column-gap-default\">\n\t\t\t\t\t<div class=\"elementor-column elementor-col-100 elementor-top-column elementor-element elementor-element-e464a16\" data-id=\"e464a16\" data-element_type=\"column\">\n\t\t\t<div class=\"elementor-widget-wrap elementor-element-populated\">\n\t\t\t\t\t\t<div class=\"elementor-element elementor-element-6dff11e elementor-widget elementor-widget-google_maps\" data-id=\"6dff11e\" data-element_type=\"widget\" data-widget_type=\"google_maps.default\">\n\t\t\t\t<div class=\"elementor-widget-container\">\n\t\t\t\t\t\t\t<div class=\"elementor-custom-embed\">\n\t\t\t<iframe loading=\"lazy\"\n\t\t\t\t\tsrc=\"https:\/\/maps.google.com\/maps?q=Mrazovac%2091%2C%20Bu%C5%BEim%2C%20BiH&#038;t=m&#038;z=10&#038;output=embed&#038;iwloc=near\"\n\t\t\t\t\ttitle=\"Mrazovac 91, Bu\u017eim, BiH\"\n\t\t\t\t\taria-label=\"Mrazovac 91, Bu\u017eim, BiH\"\n\t\t\t><\/iframe>\n\t\t<\/div>\n\t\t\t\t\t\t<\/div>\n\t\t\t\t<\/div>\n\t\t\t\t\t<\/div>\n\t\t<\/div>\n\t\t\t\t\t<\/div>\n\t\t<\/section>\n\t\t\t\t<\/div>\n\t\t","protected":false},"excerpt":{"rendered":"<p>Ime i prezime predsjednika:\u00a0Samir \u0110uli\u0107 Ime i prezime sekretara:\u00a0Hasan Kova\u010devi\u0107 ID broj: 4263928370009 Broj \u017eiro ra\u010duna: 1610000325350039 E-mail: iskbiserbuzim@gmail.com Broj mobitela: 061369203 Adresa: Mrazovac 91., 77245 Bu\u017eim<\/p>\n","protected":false},"author":1,"featured_media":0,"parent":0,"menu_order":0,"comment_status":"closed","ping_status":"closed","template":"","meta":{"footnotes":""},"class_list":["post-4449","page","type-page","status-publish","hentry"],"blog_post_layout_featured_media_urls":{"thumbnail":"","full":""},"categories_names":null,"comments_number":0,"wpmagazine_modules_lite_featured_media_urls":{"thumbnail":"","cvmm-medium":"","cvmm-medium-plus":"","cvmm-portrait":"","cvmm-medium-square":"","cvmm-large":"","cvmm-small":"","full":""},"_links":{"self":[{"href":"https:\/\/sah.ba\/index.php\/wp-json\/wp\/v2\/pages\/4449","targetHints":{"allow":["GET"]}}],"collection":[{"href":"https:\/\/sah.ba\/index.php\/wp-json\/wp\/v2\/pages"}],"about":[{"href":"https:\/\/sah.ba\/index.php\/wp-json\/wp\/v2\/types\/page"}],"author":[{"embeddable":true,"href":"https:\/\/sah.ba\/index.php\/wp-json\/wp\/v2\/users\/1"}],"replies":[{"embeddable":true,"href":"https:\/\/sah.ba\/index.php\/wp-json\/wp\/v2\/comments?post=4449"}],"version-history":[{"count":0,"href":"https:\/\/sah.ba\/index.php\/wp-json\/wp\/v2\/pages\/4449\/revisions"}],"wp:attachment":[{"href":"https:\/\/sah.ba\/index.php\/wp-json\/wp\/v2\/media?parent=4449"}],"curies":[{"name":"wp","href":"https:\/\/api.w.org\/{rel}","templated":true}]}}