{"id":5342,"date":"2025-03-19T21:43:00","date_gmt":"2025-03-19T21:43:00","guid":{"rendered":"https:\/\/sah.ba\/?page_id=5342"},"modified":"2025-03-30T18:04:22","modified_gmt":"2025-03-30T18:04:22","slug":"sk-king-gornja-dobosnica","status":"publish","type":"page","link":"https:\/\/sah.ba\/index.php\/sk-king-gornja-dobosnica\/","title":{"rendered":"\u0160K &#8220;King&#8221; Gornja Dobo\u0161nica"},"content":{"rendered":"<p>Predsjednik kluba: Damir Saliba\u0161i\u0107<\/p>\n<p>Broj \u017eiro ra\u010duna: 5555000067768333<\/p>\n<p>Naziv banke: Nova banka<\/p>\n<p>Mail: <a href=\"mailto:sahovskiklubking@gmail.com\">sahovskiklubking@gmail.com<\/a><\/p>\n<p>Kontakt broj: 062 803 053<\/p>\n<p>Website: <a href=\"https:\/\/skkinggornjadobosnica.blogspot.com\/\">https:\/\/skkinggornjadobosnica.blogspot.com\/<\/a><\/p>\n<p>Adresa: Gornja Dobo\u0161nica bb<\/p>\n","protected":false},"excerpt":{"rendered":"<p>Predsjednik kluba: Damir Saliba\u0161i\u0107 Broj \u017eiro ra\u010duna: 5555000067768333 Naziv banke: Nova banka Mail: sahovskiklubking@gmail.com Kontakt broj: 062 803 053 Website: https:\/\/skkinggornjadobosnica.blogspot.com\/ Adresa: Gornja Dobo\u0161nica bb<\/p>\n","protected":false},"author":1,"featured_media":0,"parent":0,"menu_order":0,"comment_status":"closed","ping_status":"closed","template":"","meta":{"footnotes":""},"class_list":["post-5342","page","type-page","status-publish","hentry"],"blog_post_layout_featured_media_urls":{"thumbnail":"","full":""},"categories_names":null,"comments_number":0,"wpmagazine_modules_lite_featured_media_urls":{"thumbnail":"","cvmm-medium":"","cvmm-medium-plus":"","cvmm-portrait":"","cvmm-medium-square":"","cvmm-large":"","cvmm-small":"","full":""},"_links":{"self":[{"href":"https:\/\/sah.ba\/index.php\/wp-json\/wp\/v2\/pages\/5342","targetHints":{"allow":["GET"]}}],"collection":[{"href":"https:\/\/sah.ba\/index.php\/wp-json\/wp\/v2\/pages"}],"about":[{"href":"https:\/\/sah.ba\/index.php\/wp-json\/wp\/v2\/types\/page"}],"author":[{"embeddable":true,"href":"https:\/\/sah.ba\/index.php\/wp-json\/wp\/v2\/users\/1"}],"replies":[{"embeddable":true,"href":"https:\/\/sah.ba\/index.php\/wp-json\/wp\/v2\/comments?post=5342"}],"version-history":[{"count":2,"href":"https:\/\/sah.ba\/index.php\/wp-json\/wp\/v2\/pages\/5342\/revisions"}],"predecessor-version":[{"id":5402,"href":"https:\/\/sah.ba\/index.php\/wp-json\/wp\/v2\/pages\/5342\/revisions\/5402"}],"wp:attachment":[{"href":"https:\/\/sah.ba\/index.php\/wp-json\/wp\/v2\/media?parent=5342"}],"curies":[{"name":"wp","href":"https:\/\/api.w.org\/{rel}","templated":true}]}}