{"id":5581,"date":"2025-10-22T15:19:55","date_gmt":"2025-10-22T15:19:55","guid":{"rendered":"https:\/\/sah.ba\/?page_id=5581"},"modified":"2025-10-22T15:19:55","modified_gmt":"2025-10-22T15:19:55","slug":"sahovski-klub-sloga-tojsici","status":"publish","type":"page","link":"https:\/\/sah.ba\/index.php\/sahovski-klub-sloga-tojsici\/","title":{"rendered":"\u0160ahovski klub &#8220;SLOGA&#8221; Toj\u0161i\u0107i"},"content":{"rendered":"<p>Ime i prezime predsjednika kluba: Ramiz Zahirovi\u0107<\/p>\n<p>Ime i prezime potpredsjednika kluba: Hakija Zuli\u0107<\/p>\n<p>Ime i prezime sekretara kluba: Admir Me\u0161i\u0107<\/p>\n<p>E-mail: <a href=\"mailto:skslogatojsici@gmail.com\">skslogatojsici@gmail.com<\/a><\/p>\n<p>Facebook link: <a href=\"https:\/\/www.facebook.com\/share\/1BsNn3p7iC\/\">https:\/\/www.facebook.com\/share\/1BsNn3p7iC\/<\/a><\/p>\n<p>Broj mobitela: 061 429 379<\/p>\n<p>Naziv banke: NLB banka d.d. Sarajevo<\/p>\n<p>Broj \u017eiro ra\u010duna:<\/p>\n<p>Adresa: Toj\u0161i\u0107i bb, 75265 Toj\u0161i\u0107i<\/p>\n","protected":false},"excerpt":{"rendered":"<p>Ime i prezime predsjednika kluba: Ramiz Zahirovi\u0107 Ime i prezime potpredsjednika kluba: Hakija Zuli\u0107 Ime i prezime sekretara kluba: Admir Me\u0161i\u0107 E-mail: skslogatojsici@gmail.com Facebook link: https:\/\/www.facebook.com\/share\/1BsNn3p7iC\/ Broj mobitela: 061 429 [&hellip;]<\/p>\n","protected":false},"author":1,"featured_media":0,"parent":0,"menu_order":0,"comment_status":"closed","ping_status":"closed","template":"","meta":{"footnotes":""},"class_list":["post-5581","page","type-page","status-publish","hentry"],"blog_post_layout_featured_media_urls":{"thumbnail":"","full":""},"categories_names":null,"comments_number":0,"wpmagazine_modules_lite_featured_media_urls":{"thumbnail":"","cvmm-medium":"","cvmm-medium-plus":"","cvmm-portrait":"","cvmm-medium-square":"","cvmm-large":"","cvmm-small":"","full":""},"_links":{"self":[{"href":"https:\/\/sah.ba\/index.php\/wp-json\/wp\/v2\/pages\/5581","targetHints":{"allow":["GET"]}}],"collection":[{"href":"https:\/\/sah.ba\/index.php\/wp-json\/wp\/v2\/pages"}],"about":[{"href":"https:\/\/sah.ba\/index.php\/wp-json\/wp\/v2\/types\/page"}],"author":[{"embeddable":true,"href":"https:\/\/sah.ba\/index.php\/wp-json\/wp\/v2\/users\/1"}],"replies":[{"embeddable":true,"href":"https:\/\/sah.ba\/index.php\/wp-json\/wp\/v2\/comments?post=5581"}],"version-history":[{"count":2,"href":"https:\/\/sah.ba\/index.php\/wp-json\/wp\/v2\/pages\/5581\/revisions"}],"predecessor-version":[{"id":5583,"href":"https:\/\/sah.ba\/index.php\/wp-json\/wp\/v2\/pages\/5581\/revisions\/5583"}],"wp:attachment":[{"href":"https:\/\/sah.ba\/index.php\/wp-json\/wp\/v2\/media?parent=5581"}],"curies":[{"name":"wp","href":"https:\/\/api.w.org\/{rel}","templated":true}]}}