{"id":644,"date":"2022-11-27T15:54:08","date_gmt":"2022-11-27T15:54:08","guid":{"rendered":"https:\/\/sah.ba\/?page_id=644"},"modified":"2023-04-21T16:33:14","modified_gmt":"2023-04-21T16:33:14","slug":"sk-sarajevo-sarajevo","status":"publish","type":"page","link":"https:\/\/sah.ba\/index.php\/sk-sarajevo-sarajevo\/","title":{"rendered":"\u0160K &#8220;Sarajevo&#8221; Sarajevo"},"content":{"rendered":"\n\n\n<p><span style=\"font-weight: bold;\">Predsjednik kluba<\/span>: D\u017eevdet Dautbegovi\u0107<\/p>\n<p><span style=\"font-weight: bold;\">Potpredsjednik kluba<\/span>: Ned\u017ead \u0160ehagi\u0107<\/p>\n<p><span style=\"font-weight: bold;\">Sekretar kluba<\/span>: Mirza Miralem<\/p>\n<p><span style=\"font-weight: bold;\">Broj \u017eiro ra\u010duna<\/span>: 3389002201214511<\/p>\n<p><span style=\"font-weight: bold;\">Naziv banke<\/span>: Uni Credit banka<\/p>\n<p><span style=\"font-weight: bold;\">Mail<\/span>: sksarajevo1904@gmail.com<\/p>\n<p><span style=\"font-weight: bold;\">Kontakt broj<\/span>: 033219699<\/p>\n<p><span style=\"font-weight: bold;\">Website<\/span>: <a href=\"www.sksarajevo.org \">www.sksarajevo.org&nbsp;<\/a><\/p>\n<p><span style=\"font-weight: bold;\">Adresa<\/span>: Zagreba\u010dka 4a<\/p>\n\n\n\n\nZagreba\u010dka 4a, Sarajevo, BiH\n\n\n","protected":false},"excerpt":{"rendered":"","protected":false},"author":1,"featured_media":0,"parent":0,"menu_order":0,"comment_status":"closed","ping_status":"closed","template":"","meta":{"footnotes":""},"class_list":["post-644","page","type-page","status-publish","hentry"],"blog_post_layout_featured_media_urls":{"thumbnail":"","full":""},"categories_names":null,"comments_number":0,"wpmagazine_modules_lite_featured_media_urls":{"thumbnail":"","cvmm-medium":"","cvmm-medium-plus":"","cvmm-portrait":"","cvmm-medium-square":"","cvmm-large":"","cvmm-small":"","full":""},"_links":{"self":[{"href":"https:\/\/sah.ba\/index.php\/wp-json\/wp\/v2\/pages\/644","targetHints":{"allow":["GET"]}}],"collection":[{"href":"https:\/\/sah.ba\/index.php\/wp-json\/wp\/v2\/pages"}],"about":[{"href":"https:\/\/sah.ba\/index.php\/wp-json\/wp\/v2\/types\/page"}],"author":[{"embeddable":true,"href":"https:\/\/sah.ba\/index.php\/wp-json\/wp\/v2\/users\/1"}],"replies":[{"embeddable":true,"href":"https:\/\/sah.ba\/index.php\/wp-json\/wp\/v2\/comments?post=644"}],"version-history":[{"count":0,"href":"https:\/\/sah.ba\/index.php\/wp-json\/wp\/v2\/pages\/644\/revisions"}],"wp:attachment":[{"href":"https:\/\/sah.ba\/index.php\/wp-json\/wp\/v2\/media?parent=644"}],"curies":[{"name":"wp","href":"https:\/\/api.w.org\/{rel}","templated":true}]}}