{"id":657,"date":"2022-11-27T16:12:17","date_gmt":"2022-11-27T16:12:17","guid":{"rendered":"https:\/\/sah.ba\/?page_id=657"},"modified":"2022-11-27T16:22:57","modified_gmt":"2022-11-27T16:22:57","slug":"osk-zivinice-zivinice","status":"publish","type":"page","link":"https:\/\/sah.ba\/index.php\/osk-zivinice-zivinice\/","title":{"rendered":"O\u0160K &#8220;\u017divinice&#8221; \u017divinice"},"content":{"rendered":"\n\n\n<div pagelayer-id=\"c012244\" class=\"p-c012244 pagelayer-text\" style=\"font-family: Roboto, sans-serif; font-size: 14px; font-style: normal; font-weight: 400; transition-property: all; width: 799px;\"><div class=\"pagelayer-text-holder\" style=\"font-size: 14px;\"><p style=\"font-size: 14px;\"><span style=\"font-size: 14px; font-weight: bold;\">Predsjednik kluba<\/span>: Midhat Mahmutbegovi\u0107<\/p><\/div><\/div><div pagelayer-id=\"pxf8806\" class=\"p-pxf8806 pagelayer-text\" style=\"font-family: Roboto, sans-serif; font-size: 14px; font-style: normal; font-weight: 400; transition-property: all; width: 799px;\"><div class=\"pagelayer-text-holder\" style=\"font-size: 14px;\"><p style=\"font-size: 14px;\"><span style=\"font-size: 14px; font-weight: bold;\">Potpredsjednik kluba<\/span>: Hidajet Trumi\u0107<\/p><\/div><\/div><div pagelayer-id=\"jbu9424\" class=\"p-jbu9424 pagelayer-text\" style=\"font-family: Roboto, sans-serif; font-size: 14px; font-style: normal; font-weight: 400; transition-property: all; width: 799px;\"><div class=\"pagelayer-text-holder\" style=\"font-size: 14px;\"><p style=\"font-size: 14px;\"><span style=\"font-size: 14px; font-weight: bold;\">Sekretar kluba<\/span>: Mirnes Rami\u0107<\/p><\/div><\/div><div pagelayer-id=\"sdd245\" class=\"p-sdd245 pagelayer-text\" style=\"font-family: Roboto, sans-serif; font-size: 14px; font-style: normal; font-weight: 400; transition-property: all; width: 799px;\"><div class=\"pagelayer-text-holder\" style=\"font-size: 14px;\"><p style=\"font-size: 14px;\"><span style=\"font-size: 14px; font-weight: bold;\">Broj \u017eiro ra\u010duna<\/span>: 1990500006599393<\/p><\/div><\/div><div pagelayer-id=\"wh25013\" class=\"p-wh25013 pagelayer-text\" style=\"font-family: Roboto, sans-serif; font-size: 14px; font-style: normal; font-weight: 400; transition-property: all; width: 799px;\"><div class=\"pagelayer-text-holder\" style=\"font-size: 14px;\"><p style=\"font-size: 14px;\"><span style=\"font-size: 14px; font-weight: bold;\">Naziv banke<\/span>: Sparkasse banka<\/p><\/div><\/div><div pagelayer-id=\"8el5464\" class=\"p-8el5464 pagelayer-text\" style=\"font-family: Roboto, sans-serif; font-size: 14px; font-style: normal; font-weight: 400; transition-property: all; width: 799px;\"><div class=\"pagelayer-text-holder\" style=\"font-size: 14px;\"><p style=\"font-size: 14px;\"><span style=\"font-size: 14px; font-weight: bold;\">Mail<\/span>: osk_zivinice@outlook.com<\/p><\/div><\/div><div pagelayer-id=\"4b95170\" class=\"p-4b95170 pagelayer-text\" style=\"font-family: Roboto, sans-serif; font-size: 14px; font-style: normal; font-weight: 400; transition-property: all; width: 799px;\"><div class=\"pagelayer-text-holder\" style=\"font-size: 14px;\"><p style=\"font-size: 14px;\"><span style=\"font-size: 14px; font-weight: bold;\">Kontakt broj<\/span>: 061959999<\/p><\/div><\/div><div pagelayer-id=\"u702733\" class=\"p-u702733 pagelayer-text\" style=\"font-family: Roboto, sans-serif; font-size: 14px; font-style: normal; font-weight: 400; transition-property: all; width: 799px;\"><div class=\"pagelayer-text-holder\" style=\"font-size: 14px;\"><p style=\"font-size: 14px;\"><span style=\"font-size: 14px; font-weight: bold;\">Adresa<\/span>: Rudarska 8, 75270 \u017divinice<\/p><\/div><\/div>\n\n\n\n\nRudarska 8, \u017divinice, BiH\n\n\n","protected":false},"excerpt":{"rendered":"","protected":false},"author":1,"featured_media":0,"parent":0,"menu_order":0,"comment_status":"closed","ping_status":"closed","template":"","meta":{"footnotes":""},"class_list":["post-657","page","type-page","status-publish","hentry"],"blog_post_layout_featured_media_urls":{"thumbnail":"","full":""},"categories_names":null,"comments_number":0,"wpmagazine_modules_lite_featured_media_urls":{"thumbnail":"","cvmm-medium":"","cvmm-medium-plus":"","cvmm-portrait":"","cvmm-medium-square":"","cvmm-large":"","cvmm-small":"","full":""},"_links":{"self":[{"href":"https:\/\/sah.ba\/index.php\/wp-json\/wp\/v2\/pages\/657","targetHints":{"allow":["GET"]}}],"collection":[{"href":"https:\/\/sah.ba\/index.php\/wp-json\/wp\/v2\/pages"}],"about":[{"href":"https:\/\/sah.ba\/index.php\/wp-json\/wp\/v2\/types\/page"}],"author":[{"embeddable":true,"href":"https:\/\/sah.ba\/index.php\/wp-json\/wp\/v2\/users\/1"}],"replies":[{"embeddable":true,"href":"https:\/\/sah.ba\/index.php\/wp-json\/wp\/v2\/comments?post=657"}],"version-history":[{"count":0,"href":"https:\/\/sah.ba\/index.php\/wp-json\/wp\/v2\/pages\/657\/revisions"}],"wp:attachment":[{"href":"https:\/\/sah.ba\/index.php\/wp-json\/wp\/v2\/media?parent=657"}],"curies":[{"name":"wp","href":"https:\/\/api.w.org\/{rel}","templated":true}]}}