{"id":668,"date":"2022-11-27T16:28:04","date_gmt":"2022-11-27T16:28:04","guid":{"rendered":"https:\/\/sah.ba\/?page_id=668"},"modified":"2026-03-15T14:45:42","modified_gmt":"2026-03-15T14:45:42","slug":"sd-tesanj-tesanj","status":"publish","type":"page","link":"https:\/\/sah.ba\/index.php\/sd-tesanj-tesanj\/","title":{"rendered":"\u0160K &#8220;Halid Hafizovi\u0107&#8221; Te\u0161anj"},"content":{"rendered":"\r\n\r\n\r\n\r\n\r\n\r\n\r\n<p style=\"font-size: 14px;\"><span style=\"font-size: 14px; font-weight: bold;\">Predsjednik kluba<\/span>: Sead Hafizovi\u0107<\/p>\r\n<p style=\"font-size: 14px;\"><span style=\"font-size: 14px; font-weight: bold;\">Potpredsjednik kluba<\/span>: Mesud Unki\u0107<\/p>\r\n<p style=\"font-size: 14px;\"><span style=\"font-size: 14px; font-weight: bold;\">Sekretar kluba<\/span>: Sead Ka\u0161ibovi\u0107<\/p>\r\n<p style=\"font-size: 14px;\"><span style=\"font-size: 14px; font-weight: bold;\">Broj \u017eiro ra\u010duna<\/span>: 1414155320006183<\/p>\r\n<p style=\"font-size: 14px;\"><span style=\"font-size: 14px; font-weight: bold;\">Naziv banke<\/span>: BBI dd Sarajevo Banka<\/p>\r\n<p style=\"font-size: 14px;\"><span style=\"font-size: 14px; font-weight: bold;\">Mail<\/span>: sahovskiklubtesanj@hotmail.com<\/p>\r\n<p style=\"font-size: 14px;\"><span style=\"font-size: 14px; font-weight: bold;\">Kontakt broj<\/span>: 061267216<\/p>\r\n<p style=\"font-size: 14px;\"><span style=\"font-size: 14px; font-weight: bold;\">Stranica<\/span><span style=\"font-size: 14px;\">:<\/span><span style=\"font-size: 14px;\">\u00a0<\/span><a style=\"font-size: 14px;\" href=\"https:\/\/www.facebook.com\/sahklubtesanj\/\">https:\/\/www.facebook.com\/sahklubtesanj\/<\/a><\/p>\r\n<p class=\"pagelayer-text-holder pagelayer-pen\" style=\"font-size: 14px;\" contenteditable=\"true\">\u00a0<\/p>\r\n<p style=\"font-size: 14px;\"><span style=\"font-size: 14px; font-weight: bold;\">Adresa<\/span>: Ferhat Begova 1, 74260 Te\u0161anj<\/p>\r\n\r\n\r\n\r\n\r\n\r\n\r\n\r\n<p>Taba\u010dka 3, Te\u0161anj, BiH<\/p>\r\n\r\n<p>&nbsp;<\/p>","protected":false},"excerpt":{"rendered":"<p>&nbsp;<\/p>\n","protected":false},"author":1,"featured_media":0,"parent":0,"menu_order":0,"comment_status":"closed","ping_status":"closed","template":"","meta":{"footnotes":""},"class_list":["post-668","page","type-page","status-publish","hentry"],"blog_post_layout_featured_media_urls":{"thumbnail":"","full":""},"categories_names":null,"comments_number":0,"wpmagazine_modules_lite_featured_media_urls":{"thumbnail":"","cvmm-medium":"","cvmm-medium-plus":"","cvmm-portrait":"","cvmm-medium-square":"","cvmm-large":"","cvmm-small":"","full":""},"_links":{"self":[{"href":"https:\/\/sah.ba\/index.php\/wp-json\/wp\/v2\/pages\/668","targetHints":{"allow":["GET"]}}],"collection":[{"href":"https:\/\/sah.ba\/index.php\/wp-json\/wp\/v2\/pages"}],"about":[{"href":"https:\/\/sah.ba\/index.php\/wp-json\/wp\/v2\/types\/page"}],"author":[{"embeddable":true,"href":"https:\/\/sah.ba\/index.php\/wp-json\/wp\/v2\/users\/1"}],"replies":[{"embeddable":true,"href":"https:\/\/sah.ba\/index.php\/wp-json\/wp\/v2\/comments?post=668"}],"version-history":[{"count":2,"href":"https:\/\/sah.ba\/index.php\/wp-json\/wp\/v2\/pages\/668\/revisions"}],"predecessor-version":[{"id":5754,"href":"https:\/\/sah.ba\/index.php\/wp-json\/wp\/v2\/pages\/668\/revisions\/5754"}],"wp:attachment":[{"href":"https:\/\/sah.ba\/index.php\/wp-json\/wp\/v2\/media?parent=668"}],"curies":[{"name":"wp","href":"https:\/\/api.w.org\/{rel}","templated":true}]}}