{"id":675,"date":"2022-11-27T16:29:50","date_gmt":"2022-11-27T16:29:50","guid":{"rendered":"https:\/\/sah.ba\/?page_id=675"},"modified":"2025-11-04T19:03:16","modified_gmt":"2025-11-04T19:03:16","slug":"sk-gracanica-gracanica","status":"publish","type":"page","link":"https:\/\/sah.ba\/index.php\/sk-gracanica-gracanica\/","title":{"rendered":"\u0160K &#8220;Gra\u010danica&#8221; Gra\u010danica"},"content":{"rendered":"\r\n\r\n\r\n\r\n\r\n\r\n\r\n<p style=\"font-size: 14px;\"><span style=\"font-size: 14px; font-weight: bold;\">Predsjednik kluba<\/span>:\u00a0 Kemal \u0160i\u0161i\u0107<\/p>\r\n<p style=\"font-size: 14px;\"><span style=\"font-size: 14px; font-weight: bold;\">Sekretar kluba<\/span>: Nihada Okanovi\u0107<\/p>\r\n<p style=\"font-size: 14px;\"><span style=\"font-size: 14px; font-weight: bold;\">Broj \u017eiro ra\u010duna<\/span>: 1321800310241858<\/p>\r\n<p style=\"font-size: 14px;\"><span style=\"font-size: 14px; font-weight: bold;\">Naziv banke<\/span>: NLB Banka<\/p>\r\n<p style=\"font-size: 14px;\"><span style=\"font-size: 14px; font-weight: bold;\">Mail<\/span>: <a href=\"mailto:sk1953gracanica@gmail.com\">sk1953gracanica@gmail.com<\/a><\/p>\r\n<p style=\"font-size: 14px;\"><span style=\"font-size: 14px; font-weight: bold;\">Kontakt broj<\/span>: 062443665<\/p>\r\n<p style=\"font-size: 14px;\"><span style=\"font-size: 14px; font-weight: bold;\">Adresa<\/span>: 111 Brigade 1 Bkc, 75320 Gra\u010danica<\/p>\r\n\r\n\r\n\r\n\r\n\r\n\r\n\r\n<p>&nbsp;<\/p>","protected":false},"excerpt":{"rendered":"<p>&nbsp;<\/p>\n","protected":false},"author":1,"featured_media":0,"parent":0,"menu_order":0,"comment_status":"closed","ping_status":"closed","template":"","meta":{"footnotes":""},"class_list":["post-675","page","type-page","status-publish","hentry"],"blog_post_layout_featured_media_urls":{"thumbnail":"","full":""},"categories_names":null,"comments_number":0,"wpmagazine_modules_lite_featured_media_urls":{"thumbnail":"","cvmm-medium":"","cvmm-medium-plus":"","cvmm-portrait":"","cvmm-medium-square":"","cvmm-large":"","cvmm-small":"","full":""},"_links":{"self":[{"href":"https:\/\/sah.ba\/index.php\/wp-json\/wp\/v2\/pages\/675","targetHints":{"allow":["GET"]}}],"collection":[{"href":"https:\/\/sah.ba\/index.php\/wp-json\/wp\/v2\/pages"}],"about":[{"href":"https:\/\/sah.ba\/index.php\/wp-json\/wp\/v2\/types\/page"}],"author":[{"embeddable":true,"href":"https:\/\/sah.ba\/index.php\/wp-json\/wp\/v2\/users\/1"}],"replies":[{"embeddable":true,"href":"https:\/\/sah.ba\/index.php\/wp-json\/wp\/v2\/comments?post=675"}],"version-history":[{"count":2,"href":"https:\/\/sah.ba\/index.php\/wp-json\/wp\/v2\/pages\/675\/revisions"}],"predecessor-version":[{"id":5598,"href":"https:\/\/sah.ba\/index.php\/wp-json\/wp\/v2\/pages\/675\/revisions\/5598"}],"wp:attachment":[{"href":"https:\/\/sah.ba\/index.php\/wp-json\/wp\/v2\/media?parent=675"}],"curies":[{"name":"wp","href":"https:\/\/api.w.org\/{rel}","templated":true}]}}