{"id":714,"date":"2022-11-27T22:18:35","date_gmt":"2022-11-27T22:18:35","guid":{"rendered":"https:\/\/sah.ba\/?page_id=714"},"modified":"2022-11-27T22:19:42","modified_gmt":"2022-11-27T22:19:42","slug":"sk-igman-konjic","status":"publish","type":"page","link":"https:\/\/sah.ba\/index.php\/sk-igman-konjic\/","title":{"rendered":"\u0160K &#8220;Igman&#8221; Konjic"},"content":{"rendered":"\n\n\n<p style=\"color: rgb(34, 34, 34); font-family: Arial, Helvetica, sans-serif; font-size: small; font-style: normal; font-weight: 400; margin: 0cm 0cm 0.0001pt; text-align: justify;\">Ime kluba<b>: Udru\u017eenje gra\u0111ana \u0160ahovski klub \u201eIgman\u201c Konjic<\/b><b><\/b><\/p><p style=\"color: rgb(34, 34, 34); font-family: Arial, Helvetica, sans-serif; font-size: small; font-style: normal; font-weight: 400; margin: 0cm 0cm 0.0001pt; text-align: justify;\">Predsjednik \u0160K \u201eIgman\u201c<b>: Kralju\u0161i\u0107 Nail<\/b><\/p><p style=\"color: rgb(34, 34, 34); font-family: Arial, Helvetica, sans-serif; font-size: small; font-style: normal; font-weight: 400; margin: 0cm 0cm 0.0001pt; text-align: justify;\">Predsjednik skup\u0161tine kluba<b>: Ra\u0161id Baji\u0107<\/b><\/p><p style=\"color: rgb(34, 34, 34); font-family: Arial, Helvetica, sans-serif; font-size: small; font-style: normal; font-weight: 400; margin: 0cm 0cm 0.0001pt; text-align: justify;\">Sekretar kluba<b>:&nbsp;&nbsp;Prim Muli\u0107 dr Sulejman:<\/b><\/p><p style=\"color: rgb(34, 34, 34); font-family: Arial, Helvetica, sans-serif; font-size: small; font-style: normal; font-weight: 400; margin: 0cm 0cm 0.0001pt; text-align: justify;\">Naziv banke<b>: UNION banka Konjic<\/b><\/p><p style=\"color: rgb(34, 34, 34); font-family: Arial, Helvetica, sans-serif; font-size: small; font-style: normal; font-weight: 400; margin: 0cm 0cm 0.0001pt; text-align: justify;\">\u017diro ra\u010dun<b>: 1020080000038722<\/b><\/p><p style=\"color: rgb(34, 34, 34); font-family: Arial, Helvetica, sans-serif; font-size: small; font-style: normal; font-weight: 400; margin: 0cm 0cm 0.0001pt; text-align: justify;\">ID broj<b>: 4227276560009<\/b><\/p><p style=\"color: rgb(34, 34, 34); font-family: Arial, Helvetica, sans-serif; font-size: small; font-style: normal; font-weight: 400; margin: 0cm 0cm 0.0001pt; text-align: justify;\">e-mail<b>:&nbsp;<a href=\"mailto:sulejman.mulic@gmail.com\" target=\"_blank\" style=\"color: rgb(17, 85, 204);\" rel=\"noopener\">sulejman.mulic@gmail.com<\/a><\/b><\/p><p style=\"color: rgb(34, 34, 34); font-family: Arial, Helvetica, sans-serif; font-size: small; font-style: normal; font-weight: 400; margin: 0cm 0cm 0.0001pt; text-align: justify;\">Kontakt broj<b>: tel 061 285 472; tel 062 286 547<\/b><\/p><p style=\"color: rgb(34, 34, 34); font-family: Arial, Helvetica, sans-serif; font-size: small; font-style: normal; font-weight: 400; margin: 0cm 0cm 0.0001pt; text-align: justify;\">Adresa<b>: Ul. M.Tita b.b Konjic 88400 Konjic;<\/b><\/p>\n\n\n\n\nUlica Mar\u0161ala Tita bb, Konjic, BiH\n\n\n","protected":false},"excerpt":{"rendered":"","protected":false},"author":1,"featured_media":0,"parent":0,"menu_order":0,"comment_status":"closed","ping_status":"closed","template":"","meta":{"footnotes":""},"class_list":["post-714","page","type-page","status-publish","hentry"],"blog_post_layout_featured_media_urls":{"thumbnail":"","full":""},"categories_names":null,"comments_number":0,"wpmagazine_modules_lite_featured_media_urls":{"thumbnail":"","cvmm-medium":"","cvmm-medium-plus":"","cvmm-portrait":"","cvmm-medium-square":"","cvmm-large":"","cvmm-small":"","full":""},"_links":{"self":[{"href":"https:\/\/sah.ba\/index.php\/wp-json\/wp\/v2\/pages\/714","targetHints":{"allow":["GET"]}}],"collection":[{"href":"https:\/\/sah.ba\/index.php\/wp-json\/wp\/v2\/pages"}],"about":[{"href":"https:\/\/sah.ba\/index.php\/wp-json\/wp\/v2\/types\/page"}],"author":[{"embeddable":true,"href":"https:\/\/sah.ba\/index.php\/wp-json\/wp\/v2\/users\/1"}],"replies":[{"embeddable":true,"href":"https:\/\/sah.ba\/index.php\/wp-json\/wp\/v2\/comments?post=714"}],"version-history":[{"count":0,"href":"https:\/\/sah.ba\/index.php\/wp-json\/wp\/v2\/pages\/714\/revisions"}],"wp:attachment":[{"href":"https:\/\/sah.ba\/index.php\/wp-json\/wp\/v2\/media?parent=714"}],"curies":[{"name":"wp","href":"https:\/\/api.w.org\/{rel}","templated":true}]}}