{"id":741,"date":"2022-12-06T18:35:38","date_gmt":"2022-12-06T18:35:38","guid":{"rendered":"https:\/\/sah.ba\/?page_id=741"},"modified":"2022-12-06T18:43:08","modified_gmt":"2022-12-06T18:43:08","slug":"osk-akademija-sampiona-doboj-istok","status":"publish","type":"page","link":"https:\/\/sah.ba\/index.php\/osk-akademija-sampiona-doboj-istok\/","title":{"rendered":"O\u0160K &#8220;Akademija-\u0160ampiona&#8221; Doboj-Istok"},"content":{"rendered":"\n\n\n<p pagelayer-id=\"c012244\" class=\"p-c012244 pagelayer-text\" style=\"font-family: Roboto, sans-serif; font-size: 14px; font-style: normal; font-weight: 400; transition-property: all; width: 799px;\"><p class=\"pagelayer-text-holder\" style=\"font-size: 14px;\"><p style=\"font-size: 14px;\"><span style=\"font-size: 14px; font-weight: bold;\">Predsjednik kluba<\/span>: Almir Me\u0161i\u0107<\/p><\/p><\/p><p pagelayer-id=\"pxf8806\" class=\"p-pxf8806 pagelayer-text\" style=\"font-family: Roboto, sans-serif; font-size: 14px; font-style: normal; font-weight: 400; transition-property: all; width: 799px;\"><p class=\"pagelayer-text-holder\" style=\"font-size: 14px;\"><p style=\"font-size: 14px;\"><span style=\"font-size: 14px; font-weight: bold;\">Potpredsjednik kluba<\/span>: \u0110ula Me\u0161i\u0107<\/p><\/p><\/p><p pagelayer-id=\"jbu9424\" class=\"p-jbu9424 pagelayer-text\" style=\"font-family: Roboto, sans-serif; font-size: 14px; font-style: normal; font-weight: 400; transition-property: all; width: 799px;\"><p class=\"pagelayer-text-holder\" style=\"font-size: 14px;\"><p style=\"font-size: 14px;\"><span style=\"font-size: 14px; font-weight: bold;\">Sekretar kluba<\/span>: \u0110ula Me\u0161i\u0107<\/p><\/p><\/p><p pagelayer-id=\"sdd245\" class=\"p-sdd245 pagelayer-text\" style=\"font-family: Roboto, sans-serif; font-size: 14px; font-style: normal; font-weight: 400; transition-property: all; width: 799px;\"><p class=\"pagelayer-text-holder\" style=\"font-size: 14px;\"><p style=\"font-size: 14px;\"><span style=\"font-size: 14px; font-weight: bold;\">Broj \u017eiro ra\u010duna<\/span>: 1323002021241094<\/p><\/p><\/p><p pagelayer-id=\"wh25013\" class=\"p-wh25013 pagelayer-text\" style=\"font-family: Roboto, sans-serif; font-size: 14px; font-style: normal; font-weight: 400; transition-property: all; width: 799px;\"><p class=\"pagelayer-text-holder\" style=\"font-size: 14px;\"><p style=\"font-size: 14px;\"><span style=\"font-size: 14px; font-weight: bold;\">Naziv banke<\/span>: NLB Banka<\/p><\/p><\/p><p pagelayer-id=\"8el5464\" class=\"p-8el5464 pagelayer-text\" style=\"font-family: Roboto, sans-serif; font-size: 14px; font-style: normal; font-weight: 400; transition-property: all; width: 799px;\"><p class=\"pagelayer-text-holder\" style=\"font-size: 14px;\"><p style=\"font-size: 14px;\"><span style=\"font-size: 14px; font-weight: bold;\">Mail<\/span>: akdsampiona@gmail.com<\/p><\/p><\/p><p pagelayer-id=\"4b95170\" class=\"p-4b95170 pagelayer-text\" style=\"font-family: Roboto, sans-serif; font-size: 14px; font-style: normal; font-weight: 400; transition-property: all; width: 799px;\"><p class=\"pagelayer-text-holder\" style=\"font-size: 14px;\"><p style=\"font-size: 14px;\"><span style=\"font-size: 14px; font-weight: bold;\">Kontakt broj<\/span>: 035 720 100; 035 723 250;<\/p><\/p><\/p><p pagelayer-id=\"cka8279\" class=\"p-cka8279 pagelayer-text\" style=\"font-family: Roboto, sans-serif; font-size: 14px; font-style: normal; font-weight: 400; transition-property: all; width: 799px;\"><p class=\"pagelayer-text-holder\" style=\"font-size: 14px;\"><p style=\"font-size: 14px;\"><span style=\"font-size: 14px; font-weight: bold;\">Website<\/span>:&nbsp;<a href=\"www.sampion.ba\">www.sampion.ba<\/a><\/p><\/p><\/p><p pagelayer-id=\"u702733\" class=\"p-u702733 pagelayer-text\" style=\"font-family: Roboto, sans-serif; font-size: 14px; font-style: normal; font-weight: 400; transition-property: all; width: 799px;\"><p class=\"pagelayer-text-holder\" style=\"font-size: 14px;\"><p style=\"font-size: 14px;\"><span style=\"font-size: 14px; font-weight: bold;\">Adresa<\/span>: Ul. 109 brigade br. 7,Klokotnica,74207 Doboj Istok<\/p><\/p><\/p>\n\n\n","protected":false},"excerpt":{"rendered":"","protected":false},"author":1,"featured_media":0,"parent":0,"menu_order":0,"comment_status":"closed","ping_status":"closed","template":"","meta":{"footnotes":""},"class_list":["post-741","page","type-page","status-publish","hentry"],"blog_post_layout_featured_media_urls":{"thumbnail":"","full":""},"categories_names":null,"comments_number":0,"wpmagazine_modules_lite_featured_media_urls":{"thumbnail":"","cvmm-medium":"","cvmm-medium-plus":"","cvmm-portrait":"","cvmm-medium-square":"","cvmm-large":"","cvmm-small":"","full":""},"_links":{"self":[{"href":"https:\/\/sah.ba\/index.php\/wp-json\/wp\/v2\/pages\/741","targetHints":{"allow":["GET"]}}],"collection":[{"href":"https:\/\/sah.ba\/index.php\/wp-json\/wp\/v2\/pages"}],"about":[{"href":"https:\/\/sah.ba\/index.php\/wp-json\/wp\/v2\/types\/page"}],"author":[{"embeddable":true,"href":"https:\/\/sah.ba\/index.php\/wp-json\/wp\/v2\/users\/1"}],"replies":[{"embeddable":true,"href":"https:\/\/sah.ba\/index.php\/wp-json\/wp\/v2\/comments?post=741"}],"version-history":[{"count":0,"href":"https:\/\/sah.ba\/index.php\/wp-json\/wp\/v2\/pages\/741\/revisions"}],"wp:attachment":[{"href":"https:\/\/sah.ba\/index.php\/wp-json\/wp\/v2\/media?parent=741"}],"curies":[{"name":"wp","href":"https:\/\/api.w.org\/{rel}","templated":true}]}}