{"id":830,"date":"2022-12-15T01:21:18","date_gmt":"2022-12-15T01:21:18","guid":{"rendered":"https:\/\/sah.ba\/?page_id=830"},"modified":"2022-12-15T01:49:06","modified_gmt":"2022-12-15T01:49:06","slug":"tsk-sloboda-tuzla","status":"publish","type":"page","link":"https:\/\/sah.ba\/index.php\/tsk-sloboda-tuzla\/","title":{"rendered":"T\u0160K &#8220;SLOBODA&#8221; Tuzla"},"content":{"rendered":"\t\t<div data-elementor-type=\"wp-page\" data-elementor-id=\"830\" class=\"elementor elementor-830\">\n\t\t\t\t\t\t<section class=\"elementor-section elementor-top-section elementor-element elementor-element-999d18d elementor-section-boxed elementor-section-height-default elementor-section-height-default\" data-id=\"999d18d\" data-element_type=\"section\">\n\t\t\t\t\t\t<div class=\"elementor-container elementor-column-gap-default\">\n\t\t\t\t\t<div class=\"elementor-column elementor-col-100 elementor-top-column elementor-element elementor-element-25c91e7\" data-id=\"25c91e7\" data-element_type=\"column\">\n\t\t\t<div class=\"elementor-widget-wrap elementor-element-populated\">\n\t\t\t\t\t\t<div class=\"elementor-element elementor-element-71f5f39 elementor-widget elementor-widget-text-editor\" data-id=\"71f5f39\" data-element_type=\"widget\" data-widget_type=\"text-editor.default\">\n\t\t\t\t<div class=\"elementor-widget-container\">\n\t\t\t\t\t\t\t\t\t<p><b>Predsjednik kluba: <\/b>AdnanKarahmetovi\u0107<\/p><p><b>Sekretar: <\/b>Sabahudin Buljuba\u0161i\u0107<\/p><p><b>Naziv banke: <\/b>NLB Banka<\/p><p><b>Broj \u017eiro ra\u010duna: <\/b>1321000310852998<\/p><p><b>Website kluba: <\/b><a href=\"http:\/\/www.rsdsloboda.ba\">www.rsdsloboda.ba<\/a>&nbsp;<\/p><p><b>E-mail: <\/b>tskslobodatuzla@gmail.com<\/p><p><b>Broj telefona: <\/b>+385 35 252 370<\/p><p><b>Adresa: <\/b>Ulica Mar\u0161ala Tita br. 70<\/p>\t\t\t\t\t\t\t\t<\/div>\n\t\t\t\t<\/div>\n\t\t\t\t\t<\/div>\n\t\t<\/div>\n\t\t\t\t\t<\/div>\n\t\t<\/section>\n\t\t\t\t<section class=\"elementor-section elementor-top-section elementor-element elementor-element-7baa974 elementor-section-boxed elementor-section-height-default elementor-section-height-default\" data-id=\"7baa974\" data-element_type=\"section\">\n\t\t\t\t\t\t<div class=\"elementor-container elementor-column-gap-default\">\n\t\t\t\t\t<div class=\"elementor-column elementor-col-100 elementor-top-column elementor-element elementor-element-d79fd00\" data-id=\"d79fd00\" data-element_type=\"column\">\n\t\t\t<div class=\"elementor-widget-wrap elementor-element-populated\">\n\t\t\t\t\t\t<div class=\"elementor-element elementor-element-779c631 elementor-widget elementor-widget-google_maps\" data-id=\"779c631\" data-element_type=\"widget\" data-widget_type=\"google_maps.default\">\n\t\t\t\t<div class=\"elementor-widget-container\">\n\t\t\t\t\t\t\t<div class=\"elementor-custom-embed\">\n\t\t\t<iframe loading=\"lazy\"\n\t\t\t\t\tsrc=\"https:\/\/maps.google.com\/maps?q=Mar%C5%A1ala%20Tita%20broj%2070%2C%20Tuzla%2C%20BiH&#038;t=m&#038;z=10&#038;output=embed&#038;iwloc=near\"\n\t\t\t\t\ttitle=\"Mar\u0161ala Tita broj 70, Tuzla, BiH\"\n\t\t\t\t\taria-label=\"Mar\u0161ala Tita broj 70, Tuzla, BiH\"\n\t\t\t><\/iframe>\n\t\t<\/div>\n\t\t\t\t\t\t<\/div>\n\t\t\t\t<\/div>\n\t\t\t\t\t<\/div>\n\t\t<\/div>\n\t\t\t\t\t<\/div>\n\t\t<\/section>\n\t\t\t\t<\/div>\n\t\t","protected":false},"excerpt":{"rendered":"<p>Predsjednik kluba: AdnanKarahmetovi\u0107 Sekretar: Sabahudin Buljuba\u0161i\u0107 Naziv banke: NLB Banka Broj \u017eiro ra\u010duna: 1321000310852998 Website kluba: www.rsdsloboda.ba&nbsp; E-mail: tskslobodatuzla@gmail.com Broj telefona: +385 35 252 370 Adresa: Ulica Mar\u0161ala Tita br. [&hellip;]<\/p>\n","protected":false},"author":1,"featured_media":0,"parent":0,"menu_order":0,"comment_status":"closed","ping_status":"closed","template":"","meta":{"footnotes":""},"class_list":["post-830","page","type-page","status-publish","hentry"],"blog_post_layout_featured_media_urls":{"thumbnail":"","full":""},"categories_names":null,"comments_number":0,"wpmagazine_modules_lite_featured_media_urls":{"thumbnail":"","cvmm-medium":"","cvmm-medium-plus":"","cvmm-portrait":"","cvmm-medium-square":"","cvmm-large":"","cvmm-small":"","full":""},"_links":{"self":[{"href":"https:\/\/sah.ba\/index.php\/wp-json\/wp\/v2\/pages\/830","targetHints":{"allow":["GET"]}}],"collection":[{"href":"https:\/\/sah.ba\/index.php\/wp-json\/wp\/v2\/pages"}],"about":[{"href":"https:\/\/sah.ba\/index.php\/wp-json\/wp\/v2\/types\/page"}],"author":[{"embeddable":true,"href":"https:\/\/sah.ba\/index.php\/wp-json\/wp\/v2\/users\/1"}],"replies":[{"embeddable":true,"href":"https:\/\/sah.ba\/index.php\/wp-json\/wp\/v2\/comments?post=830"}],"version-history":[{"count":0,"href":"https:\/\/sah.ba\/index.php\/wp-json\/wp\/v2\/pages\/830\/revisions"}],"wp:attachment":[{"href":"https:\/\/sah.ba\/index.php\/wp-json\/wp\/v2\/media?parent=830"}],"curies":[{"name":"wp","href":"https:\/\/api.w.org\/{rel}","templated":true}]}}