{"id":832,"date":"2022-12-15T01:22:08","date_gmt":"2022-12-15T01:22:08","guid":{"rendered":"https:\/\/sah.ba\/?page_id=832"},"modified":"2022-12-15T01:44:08","modified_gmt":"2022-12-15T01:44:08","slug":"sk-zivinice-zivinice","status":"publish","type":"page","link":"https:\/\/sah.ba\/index.php\/sk-zivinice-zivinice\/","title":{"rendered":"\u0160K &#8220;\u017dIVINICE&#8221; \u017divinice"},"content":{"rendered":"\n\n\n<p><b>Predsjednik kluba: <\/b>Mr.sc. Alija Nurki\u0107 dipl.ing.tehn.<\/p>\n<p><b>Potpredsjednik kluba: <\/b>Dr.sc. Nusret Mujagi\u0107<\/p>\n<p><b>Sekretar: <\/b>Alen Eminovi\u0107<\/p>\n<p><b>Naziv banke: <\/b>UNION Banka d.d. Sarajevo, Filijala Tuzla<\/p>\n<p><b>Broj \u017eiro ra\u010duna: <\/b>1020130000066219<\/p>\n<p><b>Broj telefona: <\/b>00 387 62 823 521<\/p>\n<p><b>E-mail: <\/b>alija_n@yahoo.com<\/p>\n<p><b>Adresa: <\/b>Ulica Alije Izetbegovi\u0107a 43, 75270 \u017divinice<\/p>\n\n\n\n\nUlica Alije Izetbegovi\u0107a 43, \u017divinice, BiH\n\n\n","protected":false},"excerpt":{"rendered":"","protected":false},"author":1,"featured_media":0,"parent":0,"menu_order":0,"comment_status":"closed","ping_status":"closed","template":"","meta":{"footnotes":""},"class_list":["post-832","page","type-page","status-publish","hentry"],"blog_post_layout_featured_media_urls":{"thumbnail":"","full":""},"categories_names":null,"comments_number":0,"wpmagazine_modules_lite_featured_media_urls":{"thumbnail":"","cvmm-medium":"","cvmm-medium-plus":"","cvmm-portrait":"","cvmm-medium-square":"","cvmm-large":"","cvmm-small":"","full":""},"_links":{"self":[{"href":"https:\/\/sah.ba\/index.php\/wp-json\/wp\/v2\/pages\/832","targetHints":{"allow":["GET"]}}],"collection":[{"href":"https:\/\/sah.ba\/index.php\/wp-json\/wp\/v2\/pages"}],"about":[{"href":"https:\/\/sah.ba\/index.php\/wp-json\/wp\/v2\/types\/page"}],"author":[{"embeddable":true,"href":"https:\/\/sah.ba\/index.php\/wp-json\/wp\/v2\/users\/1"}],"replies":[{"embeddable":true,"href":"https:\/\/sah.ba\/index.php\/wp-json\/wp\/v2\/comments?post=832"}],"version-history":[{"count":0,"href":"https:\/\/sah.ba\/index.php\/wp-json\/wp\/v2\/pages\/832\/revisions"}],"wp:attachment":[{"href":"https:\/\/sah.ba\/index.php\/wp-json\/wp\/v2\/media?parent=832"}],"curies":[{"name":"wp","href":"https:\/\/api.w.org\/{rel}","templated":true}]}}