{"id":833,"date":"2022-12-15T01:22:50","date_gmt":"2022-12-15T01:22:50","guid":{"rendered":"https:\/\/sah.ba\/?page_id=833"},"modified":"2022-12-15T01:34:47","modified_gmt":"2022-12-15T01:34:47","slug":"sk-brcko-brcko","status":"publish","type":"page","link":"https:\/\/sah.ba\/index.php\/sk-brcko-brcko\/","title":{"rendered":"\u0160K &#8220;BR\u010cKO&#8221; Br\u010dko"},"content":{"rendered":"\n\n\n<p><b>Predsjednik kluba: <\/b>Samir \u010corbad\u017ei\u0107<\/p>\n<p><b>Naziv banke: <\/b>NLB banka<\/p>\n<p><b>Broj \u017eiro ra\u010duna: <\/b>1321902018468986<\/p>\n<p><b>E-mail: <\/b>samircorbadzic527@gmail.com<\/p>\n<p><b>Adresa: <\/b>Islahijet bb<\/p>\n\n\n\n\nIslahijet bb, Br\u010dko, BiH\n\n\n","protected":false},"excerpt":{"rendered":"","protected":false},"author":1,"featured_media":0,"parent":0,"menu_order":0,"comment_status":"closed","ping_status":"closed","template":"","meta":{"footnotes":""},"class_list":["post-833","page","type-page","status-publish","hentry"],"blog_post_layout_featured_media_urls":{"thumbnail":"","full":""},"categories_names":null,"comments_number":0,"wpmagazine_modules_lite_featured_media_urls":{"thumbnail":"","cvmm-medium":"","cvmm-medium-plus":"","cvmm-portrait":"","cvmm-medium-square":"","cvmm-large":"","cvmm-small":"","full":""},"_links":{"self":[{"href":"https:\/\/sah.ba\/index.php\/wp-json\/wp\/v2\/pages\/833","targetHints":{"allow":["GET"]}}],"collection":[{"href":"https:\/\/sah.ba\/index.php\/wp-json\/wp\/v2\/pages"}],"about":[{"href":"https:\/\/sah.ba\/index.php\/wp-json\/wp\/v2\/types\/page"}],"author":[{"embeddable":true,"href":"https:\/\/sah.ba\/index.php\/wp-json\/wp\/v2\/users\/1"}],"replies":[{"embeddable":true,"href":"https:\/\/sah.ba\/index.php\/wp-json\/wp\/v2\/comments?post=833"}],"version-history":[{"count":0,"href":"https:\/\/sah.ba\/index.php\/wp-json\/wp\/v2\/pages\/833\/revisions"}],"wp:attachment":[{"href":"https:\/\/sah.ba\/index.php\/wp-json\/wp\/v2\/media?parent=833"}],"curies":[{"name":"wp","href":"https:\/\/api.w.org\/{rel}","templated":true}]}}