{"id":853,"date":"2022-12-15T14:29:22","date_gmt":"2022-12-15T14:29:22","guid":{"rendered":"https:\/\/sah.ba\/?page_id=853"},"modified":"2022-12-15T14:32:22","modified_gmt":"2022-12-15T14:32:22","slug":"sk-buzim-buzim","status":"publish","type":"page","link":"https:\/\/sah.ba\/index.php\/sk-buzim-buzim\/","title":{"rendered":"\u0160K &#8220;Bu\u017eim&#8221; Bu\u017eim"},"content":{"rendered":"\n\n\n<p><b>Predsjednik kluba: <\/b>Hazim Mehi\u0107<\/p>\n<p><b>Sekretar: <\/b>Samir \u0110uli\u0107<\/p>\n<p><b>Naziv banke: <\/b>KIB Banka<\/p>\n<p><b>Broj \u017eiro ra\u010duna: <\/b>1984011050003449<\/p>\n<p><b>Broj telefona: <\/b>061 369 203<\/p>\n<p><b>E-mail: <\/b>skbuzim@gmail.com<\/p>\n<p><b>Adresa: <\/b>Stari Grad bb, Bu\u017eim<\/p>\n\n\n\n\nStari grad bb, Bu\u017eim, BiH\n\n\n","protected":false},"excerpt":{"rendered":"","protected":false},"author":1,"featured_media":0,"parent":0,"menu_order":0,"comment_status":"closed","ping_status":"closed","template":"","meta":{"footnotes":""},"class_list":["post-853","page","type-page","status-publish","hentry"],"blog_post_layout_featured_media_urls":{"thumbnail":"","full":""},"categories_names":null,"comments_number":0,"wpmagazine_modules_lite_featured_media_urls":{"thumbnail":"","cvmm-medium":"","cvmm-medium-plus":"","cvmm-portrait":"","cvmm-medium-square":"","cvmm-large":"","cvmm-small":"","full":""},"_links":{"self":[{"href":"https:\/\/sah.ba\/index.php\/wp-json\/wp\/v2\/pages\/853","targetHints":{"allow":["GET"]}}],"collection":[{"href":"https:\/\/sah.ba\/index.php\/wp-json\/wp\/v2\/pages"}],"about":[{"href":"https:\/\/sah.ba\/index.php\/wp-json\/wp\/v2\/types\/page"}],"author":[{"embeddable":true,"href":"https:\/\/sah.ba\/index.php\/wp-json\/wp\/v2\/users\/1"}],"replies":[{"embeddable":true,"href":"https:\/\/sah.ba\/index.php\/wp-json\/wp\/v2\/comments?post=853"}],"version-history":[{"count":0,"href":"https:\/\/sah.ba\/index.php\/wp-json\/wp\/v2\/pages\/853\/revisions"}],"wp:attachment":[{"href":"https:\/\/sah.ba\/index.php\/wp-json\/wp\/v2\/media?parent=853"}],"curies":[{"name":"wp","href":"https:\/\/api.w.org\/{rel}","templated":true}]}}