{"id":869,"date":"2022-12-22T00:51:05","date_gmt":"2022-12-22T00:51:05","guid":{"rendered":"https:\/\/sah.ba\/?page_id=869"},"modified":"2022-12-22T00:54:22","modified_gmt":"2022-12-22T00:54:22","slug":"sk-velika-kladusa-velika-kladusa","status":"publish","type":"page","link":"https:\/\/sah.ba\/index.php\/sk-velika-kladusa-velika-kladusa\/","title":{"rendered":"\u0160K &#8220;VELIKA KLADU\u0160A&#8221; Velika Kladu\u0161a"},"content":{"rendered":"\n\n\n<p style=\"font-family: Roboto, sans-serif; font-size: 14px; font-style: normal; font-weight: 400;\"><span style=\"font-size: 14px; font-weight: bold;\">Predsjednik kluba<\/span>: Sabahet Had\u017ei\u0107<\/p><p pagelayer-id=\"jbu9424\" class=\"p-jbu9424 pagelayer-text\" style=\"font-family: Roboto, sans-serif; font-size: 14px; font-style: normal; font-weight: 400; transition-property: all; width: 799px;\"><\/p><p class=\"pagelayer-text-holder\" style=\"font-family: Roboto, sans-serif; font-size: 14px; font-style: normal; font-weight: 400;\"><\/p><p style=\"font-family: Roboto, sans-serif; font-size: 14px; font-style: normal; font-weight: 400;\"><span style=\"font-size: 14px; font-weight: bold;\">Potpredsjednik kluba<\/span>: Meho \u010cau\u0161evi\u0107<\/p><p pagelayer-id=\"sdd245\" class=\"p-sdd245 pagelayer-text\" style=\"font-family: Roboto, sans-serif; font-size: 14px; font-style: normal; font-weight: 400; transition-property: all; width: 799px;\"><\/p><p class=\"pagelayer-text-holder\" style=\"font-family: Roboto, sans-serif; font-size: 14px; font-style: normal; font-weight: 400;\"><\/p><p style=\"font-family: Roboto, sans-serif; font-size: 14px; font-style: normal; font-weight: 400;\"><span style=\"font-size: 14px; font-weight: bold;\">Broj \u017eiro ra\u010duna<\/span>: 1980011050008402<\/p><p pagelayer-id=\"wh25013\" class=\"p-wh25013 pagelayer-text\" style=\"font-family: Roboto, sans-serif; font-size: 14px; font-style: normal; font-weight: 400; transition-property: all; width: 799px;\"><\/p><p class=\"pagelayer-text-holder\" style=\"font-family: Roboto, sans-serif; font-size: 14px; font-style: normal; font-weight: 400;\"><\/p><p style=\"font-family: Roboto, sans-serif; font-size: 14px; font-style: normal; font-weight: 400;\"><span style=\"font-size: 14px; font-weight: bold;\">Naziv banke<\/span>: KIB banka<\/p><p pagelayer-id=\"4b95170\" class=\"p-4b95170 pagelayer-text\" style=\"font-family: Roboto, sans-serif; font-size: 14px; font-style: normal; font-weight: 400; transition-property: all; width: 799px;\"><\/p><p class=\"pagelayer-text-holder\" style=\"font-family: Roboto, sans-serif; font-size: 14px; font-style: normal; font-weight: 400;\"><\/p><p style=\"font-family: Roboto, sans-serif; font-size: 14px; font-style: normal; font-weight: 400;\"><span style=\"font-size: 14px; font-weight: bold;\">Kontakt broj<\/span>: 062442620<\/p><p pagelayer-id=\"u702733\" class=\"p-u702733 pagelayer-text\" style=\"font-family: Roboto, sans-serif; font-size: 14px; font-style: normal; font-weight: 400; transition-property: all; width: 799px;\"><\/p><p class=\"pagelayer-text-holder\" style=\"font-family: Roboto, sans-serif; font-size: 14px; font-style: normal; font-weight: 400;\"><\/p><p style=\"font-family: Roboto, sans-serif; font-size: 14px; font-style: normal; font-weight: 400;\"><span style=\"font-size: 14px; font-weight: bold;\">Adresa<\/span>: Ulica Dure Pucara Starog 69, Velika Kladu\u0161a 77230<\/p>\n\n\n","protected":false},"excerpt":{"rendered":"","protected":false},"author":1,"featured_media":0,"parent":0,"menu_order":0,"comment_status":"closed","ping_status":"closed","template":"","meta":{"footnotes":""},"class_list":["post-869","page","type-page","status-publish","hentry"],"blog_post_layout_featured_media_urls":{"thumbnail":"","full":""},"categories_names":null,"comments_number":0,"wpmagazine_modules_lite_featured_media_urls":{"thumbnail":"","cvmm-medium":"","cvmm-medium-plus":"","cvmm-portrait":"","cvmm-medium-square":"","cvmm-large":"","cvmm-small":"","full":""},"_links":{"self":[{"href":"https:\/\/sah.ba\/index.php\/wp-json\/wp\/v2\/pages\/869","targetHints":{"allow":["GET"]}}],"collection":[{"href":"https:\/\/sah.ba\/index.php\/wp-json\/wp\/v2\/pages"}],"about":[{"href":"https:\/\/sah.ba\/index.php\/wp-json\/wp\/v2\/types\/page"}],"author":[{"embeddable":true,"href":"https:\/\/sah.ba\/index.php\/wp-json\/wp\/v2\/users\/1"}],"replies":[{"embeddable":true,"href":"https:\/\/sah.ba\/index.php\/wp-json\/wp\/v2\/comments?post=869"}],"version-history":[{"count":0,"href":"https:\/\/sah.ba\/index.php\/wp-json\/wp\/v2\/pages\/869\/revisions"}],"wp:attachment":[{"href":"https:\/\/sah.ba\/index.php\/wp-json\/wp\/v2\/media?parent=869"}],"curies":[{"name":"wp","href":"https:\/\/api.w.org\/{rel}","templated":true}]}}